{"id":60978,"date":"2024-08-27T08:26:15","date_gmt":"2024-08-27T06:26:15","guid":{"rendered":"https:\/\/simplynano.ch\/produkt\/kit-classe-effet-lotus\/"},"modified":"2025-02-17T11:41:59","modified_gmt":"2025-02-17T10:41:59","slug":"kit-classe-effet-lotus","status":"publish","type":"product","link":"https:\/\/simplynano.ch\/fr\/produkt\/kit-classe-effet-lotus\/","title":{"rendered":"SimplyNano 2 &#8211; Set de classe Effet Lotus"},"content":{"rendered":"<p>Kit de classe avec atelier d&#8217;apprentissage sur la nano bionique : l&#8217;effet lotus (<span style=\"font-weight: 400;\">&#8220;SimplyNano 2&#8221; ;<\/span> 2024)<br \/>\navec les exp\u00e9riences suivantes :<\/p>\n<ol>\n<li style=\"list-style-type: none;\">\n<ol>\n<li>Mouillabilit\u00e9 des surfaces (niveau : basique)<\/li>\n<li>Autonettoyage des surfaces (niveau : basique)<\/li>\n<li>Construction d&#8217;un mod\u00e8le de feuille de lotus (niveau : basique)<\/li>\n<li>T\u00e2ches de recherche sur l&#8217;effet lotus (niveau : \u00e9lev\u00e9)<\/li>\n<li>Produire, comparer et optimiser l&#8217;effet lotus (niveau : avanc\u00e9)<\/li>\n<\/ol>\n<\/li>\n<\/ol>\n<p>Convient pour SEK l<\/p>\n<p><span style=\"font-weight: 900;\">Contenu :<\/span><\/p>\n<p>1 document imprim\u00e9 &#8220;L&#8217;effet lotus&#8221; (37 pages, A4, reli\u00e9)<br \/>\n1 cl\u00e9 USB &#8220;L&#8217;effet lotus&#8221; (PDF, 41 pages)<br \/>\n10 sachets contenant chacun 5 feuilles de lotus s\u00e9ch\u00e9es (total de 50 feuilles de lotus de 8 x 8 cm)<br \/>\n10 sachets de sable rouge d\u00e9coratif (d&#8217;environ 20 grammes chacun)<br \/>\n10 sachets de poudre de pierre (d&#8217;environ 15 grammes chacun)<br \/>\n15 pipettes Pasteur<\/p>\n<p>La documentation imprim\u00e9e &#8220;L&#8217;effet lotus&#8221; (37 pages, A4, reli\u00e9e) comprend<\/p>\n<ul type=\"circle\">\n<li>Documentation pour les enseignants avec :\n<ul type=\"disc\">\n<li>des r\u00e9f\u00e9rences d\u00e9taill\u00e9es au LP21<\/li>\n<li>Solutions types<\/li>\n<\/ul>\n<\/li>\n<\/ul>\n<ul type=\"circle\">\n<li>Documentation pour les apprenants avec :\n<ul type=\"disc\">\n<li>des objectifs d&#8217;apprentissage formul\u00e9s<\/li>\n<li>Guides d&#8217;exp\u00e9rimentation<\/li>\n<li>T\u00e2ches et questions<\/li>\n<li>Informations de fond<\/li>\n<\/ul>\n<\/li>\n<\/ul>\n<p>La cl\u00e9 USB &#8220;L&#8217;effet lotus&#8221; (PDF, 41 pages) contient :<\/p>\n<ul type=\"circle\">\n<li>Documentation pour les apprenants (PDF, 21 pages)<\/li>\n<li>Pr\u00e9sentation PPT d&#8217;approfondissement (PDF, 20 pages)<\/li>\n<\/ul>\n","protected":false},"excerpt":{"rendered":"<p>Kit de classe (pour environ 20 \u00e9l\u00e8ves) pour les exp\u00e9riences sur l&#8217;effet lotus<\/p>\n","protected":false},"featured_media":60977,"template":"","meta":{"jetpack_post_was_ever_published":false,"jetpack_publicize_message":"","jetpack_publicize_feature_enabled":true,"jetpack_social_post_already_shared":true,"jetpack_social_options":{"image_generator_settings":{"template":"highway","default_image_id":0,"enabled":false},"version":2}},"product_brand":[],"product_cat":[70,75],"product_tag":[],"class_list":{"0":"post-60978","1":"product","2":"type-product","3":"status-publish","4":"has-post-thumbnail","6":"product_cat-sets-de-classe-simplynano","7":"product_cat-simplynano-2-fr-2","8":"product_shipping_class-expedition-15-chf","10":"first","11":"instock","12":"taxable","13":"shipping-taxable","14":"purchasable","15":"product-type-simple"},"jetpack_publicize_connections":[],"jetpack_sharing_enabled":true,"_links":{"self":[{"href":"https:\/\/simplynano.ch\/fr\/wp-json\/wp\/v2\/product\/60978","targetHints":{"allow":["GET"]}}],"collection":[{"href":"https:\/\/simplynano.ch\/fr\/wp-json\/wp\/v2\/product"}],"about":[{"href":"https:\/\/simplynano.ch\/fr\/wp-json\/wp\/v2\/types\/product"}],"wp:featuredmedia":[{"embeddable":true,"href":"https:\/\/simplynano.ch\/fr\/wp-json\/wp\/v2\/media\/60977"}],"wp:attachment":[{"href":"https:\/\/simplynano.ch\/fr\/wp-json\/wp\/v2\/media?parent=60978"}],"wp:term":[{"taxonomy":"product_brand","embeddable":true,"href":"https:\/\/simplynano.ch\/fr\/wp-json\/wp\/v2\/product_brand?post=60978"},{"taxonomy":"product_cat","embeddable":true,"href":"https:\/\/simplynano.ch\/fr\/wp-json\/wp\/v2\/product_cat?post=60978"},{"taxonomy":"product_tag","embeddable":true,"href":"https:\/\/simplynano.ch\/fr\/wp-json\/wp\/v2\/product_tag?post=60978"}],"curies":[{"name":"wp","href":"https:\/\/api.w.org\/{rel}","templated":true}]}}