{"id":59699,"date":"2022-06-07T16:35:41","date_gmt":"2022-06-07T14:35:41","guid":{"rendered":"https:\/\/simplynano.ch\/produkt\/extrait-de-malt\/"},"modified":"2025-02-18T08:13:17","modified_gmt":"2025-02-18T07:13:17","slug":"extrait-de-malt","status":"publish","type":"product","link":"https:\/\/simplynano.ch\/fr\/produkt\/extrait-de-malt\/","title":{"rendered":"Extrait de malt"},"content":{"rendered":"<p><strong>Extrait de malt clair 20g (poste 4 et poste 9)<\/strong><\/p>\n<p>Extrait de malt pour les exp\u00e9riences <span style=\"font-weight: 400;\">&#8220;SimplyNano 2&#8221; <\/span>(avanc\u00e9) 4.1 : S\u00e9rie de tests sur le m\u00e9lange de bulles de savon et (avanc\u00e9) 9.1 : Pr\u00e9parer des plaques de g\u00e9lose.<\/p>\n<p><strong>Contenu :<\/strong><\/p>\n<ul type=\"circle\">\n<li>3 verres d&#8217;extrait de malt (clair, \u00e0 environ 20 grammes)<\/li>\n<\/ul>\n","protected":false},"excerpt":{"rendered":"<p><strong>Extrait de malt pour le poste 4 et le poste 9<\/strong><\/p>\n","protected":false},"featured_media":58491,"template":"","meta":{"jetpack_post_was_ever_published":false,"jetpack_publicize_message":"","jetpack_publicize_feature_enabled":true,"jetpack_social_post_already_shared":true,"jetpack_social_options":{"image_generator_settings":{"template":"highway","default_image_id":0,"enabled":false},"version":2}},"product_brand":[],"product_cat":[77],"product_tag":[],"class_list":{"0":"post-59699","1":"product","2":"type-product","3":"status-publish","4":"has-post-thumbnail","6":"product_cat-produits-individuels","7":"product_shipping_class-expedition-9-chf","9":"first","10":"instock","11":"taxable","12":"shipping-taxable","13":"purchasable","14":"product-type-simple"},"jetpack_publicize_connections":[],"jetpack_sharing_enabled":true,"_links":{"self":[{"href":"https:\/\/simplynano.ch\/fr\/wp-json\/wp\/v2\/product\/59699","targetHints":{"allow":["GET"]}}],"collection":[{"href":"https:\/\/simplynano.ch\/fr\/wp-json\/wp\/v2\/product"}],"about":[{"href":"https:\/\/simplynano.ch\/fr\/wp-json\/wp\/v2\/types\/product"}],"wp:featuredmedia":[{"embeddable":true,"href":"https:\/\/simplynano.ch\/fr\/wp-json\/wp\/v2\/media\/58491"}],"wp:attachment":[{"href":"https:\/\/simplynano.ch\/fr\/wp-json\/wp\/v2\/media?parent=59699"}],"wp:term":[{"taxonomy":"product_brand","embeddable":true,"href":"https:\/\/simplynano.ch\/fr\/wp-json\/wp\/v2\/product_brand?post=59699"},{"taxonomy":"product_cat","embeddable":true,"href":"https:\/\/simplynano.ch\/fr\/wp-json\/wp\/v2\/product_cat?post=59699"},{"taxonomy":"product_tag","embeddable":true,"href":"https:\/\/simplynano.ch\/fr\/wp-json\/wp\/v2\/product_tag?post=59699"}],"curies":[{"name":"wp","href":"https:\/\/api.w.org\/{rel}","templated":true}]}}