{"id":59674,"date":"2022-06-07T16:25:36","date_gmt":"2022-06-07T14:25:36","guid":{"rendered":"https:\/\/simplynano.ch\/produkt\/fil-en-nitinol-metal-a-memoire\/"},"modified":"2025-02-18T08:15:24","modified_gmt":"2025-02-18T07:15:24","slug":"fil-metallique-commemoratif","status":"publish","type":"product","link":"https:\/\/simplynano.ch\/fr\/produkt\/fil-metallique-commemoratif\/","title":{"rendered":"Fil en nitinol (m\u00e9tal \u00e0 m\u00e9moire)"},"content":{"rendered":"<p><strong>fil de nitinol (m\u00e9tal \u00e0 m\u00e9moire) (poste 7)<\/strong><\/p>\n<p>Fils m\u00e9talliques \u00e0 m\u00e9moire pour l&#8217;exp\u00e9rience <span style=\"font-weight: 400;\">&#8220;SimplyNano 2&#8221; <\/span>(basis) 7.3 : Donner une m\u00e9moire au fil.<\/p>\n<p><strong>Contenu :<\/strong><\/p>\n<ul type=\"circle\">\n<li>2 fils m\u00e9talliques \u00e0 m\u00e9moire (fils en nitinol, 20 cm, 0,5 mm de diam\u00e8tre)<\/li>\n<\/ul>\n","protected":false},"excerpt":{"rendered":"<p><strong>Fil en nitinol (m\u00e9tal \u00e0 m\u00e9moire) pour le poste 7<\/strong><\/p>\n","protected":false},"featured_media":58619,"template":"","meta":{"jetpack_post_was_ever_published":false,"jetpack_publicize_message":"","jetpack_publicize_feature_enabled":true,"jetpack_social_post_already_shared":true,"jetpack_social_options":{"image_generator_settings":{"template":"highway","default_image_id":0,"enabled":false},"version":2}},"product_brand":[],"product_cat":[77],"product_tag":[],"class_list":{"0":"post-59674","1":"product","2":"type-product","3":"status-publish","4":"has-post-thumbnail","6":"product_cat-produits-individuels","7":"product_shipping_class-expedition-5-chf","9":"first","10":"instock","11":"taxable","12":"shipping-taxable","13":"purchasable","14":"product-type-simple"},"jetpack_publicize_connections":[],"jetpack_sharing_enabled":true,"_links":{"self":[{"href":"https:\/\/simplynano.ch\/fr\/wp-json\/wp\/v2\/product\/59674","targetHints":{"allow":["GET"]}}],"collection":[{"href":"https:\/\/simplynano.ch\/fr\/wp-json\/wp\/v2\/product"}],"about":[{"href":"https:\/\/simplynano.ch\/fr\/wp-json\/wp\/v2\/types\/product"}],"wp:featuredmedia":[{"embeddable":true,"href":"https:\/\/simplynano.ch\/fr\/wp-json\/wp\/v2\/media\/58619"}],"wp:attachment":[{"href":"https:\/\/simplynano.ch\/fr\/wp-json\/wp\/v2\/media?parent=59674"}],"wp:term":[{"taxonomy":"product_brand","embeddable":true,"href":"https:\/\/simplynano.ch\/fr\/wp-json\/wp\/v2\/product_brand?post=59674"},{"taxonomy":"product_cat","embeddable":true,"href":"https:\/\/simplynano.ch\/fr\/wp-json\/wp\/v2\/product_cat?post=59674"},{"taxonomy":"product_tag","embeddable":true,"href":"https:\/\/simplynano.ch\/fr\/wp-json\/wp\/v2\/product_tag?post=59674"}],"curies":[{"name":"wp","href":"https:\/\/api.w.org\/{rel}","templated":true}]}}