{"id":63417,"date":"2025-01-09T10:25:54","date_gmt":"2025-01-09T09:25:54","guid":{"rendered":"https:\/\/simplynano.ch\/lequipe-simplynano\/lukas-meili\/"},"modified":"2026-02-20T12:31:46","modified_gmt":"2026-02-20T11:31:46","slug":"lukas-meili","status":"publish","type":"page","link":"https:\/\/simplynano.ch\/fr\/lequipe-simplynano\/lukas-meili\/","title":{"rendered":"Lukas Meili"},"content":{"rendered":"<div id=\"pl-63417\"  class=\"panel-layout\" ><div id=\"pg-63417-0\"  class=\"panel-grid panel-has-style\" ><div style=\"padding: 0px 0; \" data-overlay=\"true\" data-overlay-color=\"#000000\" class=\"panel-row-style panel-row-style-for-63417-0\" ><div id=\"pgc-63417-0-0\"  class=\"panel-grid-cell\" ><div id=\"panel-63417-0-0-0\" class=\"so-panel widget widget_black-studio-tinymce widget_black_studio_tinymce panel-first-child panel-last-child\" data-index=\"0\" ><div style=\"text-align: left;\" data-title-color=\"#443f3f\" data-headings-color=\"#443f3f\" class=\"panel-widget-style panel-widget-style-for-63417-0-0-0\" ><div class=\"textwidget\"><h2 lang=\"de\">Lukas Meili<\/h2>\n<hr>\n<p>&nbsp;<\/p>\n<\/div><\/div><\/div><\/div><\/div><\/div><div id=\"pg-63417-1\"  class=\"panel-grid panel-has-style\" ><div style=\"padding: 0px 0; \" data-overlay=\"true\" data-overlay-color=\"#000000\" class=\"panel-row-style panel-row-style-for-63417-1\" ><div id=\"pgc-63417-1-0\"  class=\"panel-grid-cell\" ><div id=\"panel-63417-1-0-0\" class=\"so-panel widget widget_black-studio-tinymce widget_black_studio_tinymce panel-first-child panel-last-child\" data-index=\"1\" ><div style=\"text-align: left;\" data-title-color=\"#443f3f\" data-headings-color=\"#443f3f\" class=\"panel-widget-style panel-widget-style-for-63417-1-0-0\" ><div class=\"textwidget\"><h3>Collaborateur de projet<\/h3>\n<p>Courrier \u00e9lectronique : vorname.nachname@innovationsgesellschaft.ch<\/p>\n<p>Lukas Meili a \u00e9tudi\u00e9 l'enseignement sp\u00e9cialis\u00e9. Il travaille sur le d\u00e9veloppement de nouveaux supports d'enseignement et d'apprentissage num\u00e9riques ainsi que sur des solutions informatiques dans le domaine de l'\u00e9ducation. Il se concentre sur la conception et la mise en \u0153uvre d'offres d'apprentissage num\u00e9riques.  <\/p>\n<\/div><\/div><\/div><\/div><div id=\"pgc-63417-1-1\"  class=\"panel-grid-cell\" ><div id=\"panel-63417-1-1-0\" class=\"so-panel widget widget_media_image panel-first-child panel-last-child\" data-index=\"2\" ><div style=\"text-align: left;\" data-title-color=\"#443f3f\" data-headings-color=\"#443f3f\" class=\"panel-widget-style panel-widget-style-for-63417-1-1-0\" ><img loading=\"lazy\" decoding=\"async\" width=\"300\" height=\"214\" src=\"https:\/\/simplynano.ch\/wp-content\/uploads\/2026\/02\/Lukas-Meili-Bild-Teamseite-300x214.jpeg\" class=\"image wp-image-66420  attachment-medium size-medium\" alt=\"\" style=\"max-width: 100%; height: auto;\" srcset=\"https:\/\/simplynano.ch\/wp-content\/uploads\/2026\/02\/Lukas-Meili-Bild-Teamseite-300x214.jpeg 300w, https:\/\/simplynano.ch\/wp-content\/uploads\/2026\/02\/Lukas-Meili-Bild-Teamseite-768x548.jpeg 768w, https:\/\/simplynano.ch\/wp-content\/uploads\/2026\/02\/Lukas-Meili-Bild-Teamseite-1000x714.jpeg 1000w, https:\/\/simplynano.ch\/wp-content\/uploads\/2026\/02\/Lukas-Meili-Bild-Teamseite-230x164.jpeg 230w, https:\/\/simplynano.ch\/wp-content\/uploads\/2026\/02\/Lukas-Meili-Bild-Teamseite-350x250.jpeg 350w, https:\/\/simplynano.ch\/wp-content\/uploads\/2026\/02\/Lukas-Meili-Bild-Teamseite-480x343.jpeg 480w, https:\/\/simplynano.ch\/wp-content\/uploads\/2026\/02\/Lukas-Meili-Bild-Teamseite-800x571.jpeg 800w, https:\/\/simplynano.ch\/wp-content\/uploads\/2026\/02\/Lukas-Meili-Bild-Teamseite.jpeg 1280w\" sizes=\"auto, (max-width: 300px) 100vw, 300px\" \/><\/div><\/div><\/div><\/div><\/div><\/div>","protected":false},"excerpt":{"rendered":"<p> [&hellip;]<\/p>\n","protected":false},"author":1,"featured_media":0,"parent":63313,"menu_order":0,"comment_status":"closed","ping_status":"closed","template":"page-templates\/page_front-page.php","meta":{"jetpack_post_was_ever_published":false,"footnotes":""},"class_list":["post-63417","page","type-page","status-publish","hentry"],"jetpack_sharing_enabled":true,"jetpack_shortlink":"https:\/\/wp.me\/PaRfTd-guR","_links":{"self":[{"href":"https:\/\/simplynano.ch\/fr\/wp-json\/wp\/v2\/pages\/63417","targetHints":{"allow":["GET"]}}],"collection":[{"href":"https:\/\/simplynano.ch\/fr\/wp-json\/wp\/v2\/pages"}],"about":[{"href":"https:\/\/simplynano.ch\/fr\/wp-json\/wp\/v2\/types\/page"}],"author":[{"embeddable":true,"href":"https:\/\/simplynano.ch\/fr\/wp-json\/wp\/v2\/users\/1"}],"replies":[{"embeddable":true,"href":"https:\/\/simplynano.ch\/fr\/wp-json\/wp\/v2\/comments?post=63417"}],"version-history":[{"count":1,"href":"https:\/\/simplynano.ch\/fr\/wp-json\/wp\/v2\/pages\/63417\/revisions"}],"predecessor-version":[{"id":64327,"href":"https:\/\/simplynano.ch\/fr\/wp-json\/wp\/v2\/pages\/63417\/revisions\/64327"}],"up":[{"embeddable":true,"href":"https:\/\/simplynano.ch\/fr\/wp-json\/wp\/v2\/pages\/63313"}],"wp:attachment":[{"href":"https:\/\/simplynano.ch\/fr\/wp-json\/wp\/v2\/media?parent=63417"}],"curies":[{"name":"wp","href":"https:\/\/api.w.org\/{rel}","templated":true}]}}