{"id":63406,"date":"2025-01-09T10:13:20","date_gmt":"2025-01-09T09:13:20","guid":{"rendered":"https:\/\/simplynano.ch\/lequipe-simplynano\/christoph-meili\/"},"modified":"2025-02-17T12:49:00","modified_gmt":"2025-02-17T11:49:00","slug":"christoph-meili","status":"publish","type":"page","link":"https:\/\/simplynano.ch\/fr\/lequipe-simplynano\/christoph-meili\/","title":{"rendered":"Christoph Meili"},"content":{"rendered":"<div id=\"pl-63406\"  class=\"panel-layout\" ><div id=\"pg-63406-0\"  class=\"panel-grid panel-has-style\" ><div style=\"padding: 0px 0; \" data-overlay=\"true\" data-overlay-color=\"#000000\" class=\"panel-row-style panel-row-style-for-63406-0\" ><div id=\"pgc-63406-0-0\"  class=\"panel-grid-cell\" ><div id=\"panel-63406-0-0-0\" class=\"so-panel widget widget_black-studio-tinymce widget_black_studio_tinymce panel-first-child panel-last-child\" data-index=\"0\" ><div style=\"text-align: left;\" data-title-color=\"#443f3f\" data-headings-color=\"#443f3f\" class=\"panel-widget-style panel-widget-style-for-63406-0-0-0\" ><div class=\"textwidget\"><h2 lang=\"de\">Christoph Meili<\/h2>\n<div class=\"txt-block\">\n<hr>\n<\/div>\n<\/div><\/div><\/div><\/div><\/div><\/div><div id=\"pg-63406-1\"  class=\"panel-grid panel-has-style\" ><div style=\"padding: 55px 0; \" data-overlay=\"true\" data-overlay-color=\"#000000\" class=\"panel-row-style panel-row-style-for-63406-1\" ><div id=\"pgc-63406-1-0\"  class=\"panel-grid-cell\" ><div id=\"panel-63406-1-0-0\" class=\"so-panel widget widget_black-studio-tinymce widget_black_studio_tinymce panel-first-child panel-last-child\" data-index=\"1\" ><div style=\"text-align: left;\" data-title-color=\"#443f3f\" data-headings-color=\"#443f3f\" class=\"panel-widget-style panel-widget-style-for-63406-1-0-0\" ><div class=\"textwidget\"><h3>Directeur g\u00e9n\u00e9ral<\/h3>\n<p>T\u00e9l\u00e9phone : +41 (0)71 278 02 06<\/p>\n<p>Courrier \u00e9lectronique : vorname.nachname@innovationsgesellschaft.ch<\/p>\n<p>Christoph Meili est le fondateur et le directeur de la soci\u00e9t\u00e9 d'innovation.<\/p>\n<p>Il a \u00e9tudi\u00e9 la biotechnologie \u00e0 l'EPF de Zurich et a obtenu un doctorat en gestion d'entreprise \u00e0 l'Universit\u00e9 de Saint-Gall (HSG). Apr\u00e8s avoir obtenu son doctorat \u00e0 la HSG, il a dirig\u00e9 pendant cinq ans le centre de comp\u00e9tences en g\u00e9n\u00e9tique, biotechnologie et nanotechnologie \u00e0 l'Institut d'\u00e9conomie de l'assurance de la HSG. En 2005, il a fond\u00e9 la soci\u00e9t\u00e9 d'innovation en tant que start-up de la HSG.  <\/p>\n<p>Il dispose d'une longue exp\u00e9rience de conseil dans les domaines de la gestion et de la communication des risques li\u00e9s aux nouvelles technologies. Il est sp\u00e9cialis\u00e9 dans les projets d'innovation dans le domaine des technologies \u00e9mergentes. <\/p>\n<p>Il a \u00e9t\u00e9 charg\u00e9 de cours et professeur d'\u00e9conomie et de gestion d'entreprise pendant plus de 20 ans \u00e0 l'universit\u00e9 de Saint-Gall ou \u00e0 l'\u00e9cole sup\u00e9rieure sp\u00e9cialis\u00e9e (OST) de Saint-Gall.<\/p>\n<\/div><\/div><\/div><\/div><div id=\"pgc-63406-1-1\"  class=\"panel-grid-cell\" ><div id=\"panel-63406-1-1-0\" class=\"so-panel widget widget_media_image panel-first-child panel-last-child\" data-index=\"2\" ><div style=\"text-align: left;\" data-title-color=\"#443f3f\" data-headings-color=\"#443f3f\" class=\"panel-widget-style panel-widget-style-for-63406-1-1-0\" ><img loading=\"lazy\" decoding=\"async\" width=\"281\" height=\"300\" src=\"https:\/\/simplynano.ch\/wp-content\/uploads\/2025\/01\/Christoph-Bild-281x300.jpg\" class=\"image wp-image-63347  attachment-medium size-medium\" alt=\"\" style=\"max-width: 100%; height: auto;\" srcset=\"https:\/\/simplynano.ch\/wp-content\/uploads\/2025\/01\/Christoph-Bild-281x300.jpg 281w, https:\/\/simplynano.ch\/wp-content\/uploads\/2025\/01\/Christoph-Bild-230x246.jpg 230w, https:\/\/simplynano.ch\/wp-content\/uploads\/2025\/01\/Christoph-Bild-350x374.jpg 350w, https:\/\/simplynano.ch\/wp-content\/uploads\/2025\/01\/Christoph-Bild-480x513.jpg 480w, https:\/\/simplynano.ch\/wp-content\/uploads\/2025\/01\/Christoph-Bild.jpg 748w\" sizes=\"auto, (max-width: 281px) 100vw, 281px\" \/><\/div><\/div><\/div><\/div><\/div><\/div>","protected":false},"excerpt":{"rendered":"<p> [&hellip;]<\/p>\n","protected":false},"author":1,"featured_media":0,"parent":63313,"menu_order":0,"comment_status":"closed","ping_status":"closed","template":"page-templates\/page_front-page.php","meta":{"jetpack_post_was_ever_published":false,"footnotes":""},"class_list":["post-63406","page","type-page","status-publish","hentry"],"jetpack_sharing_enabled":true,"jetpack_shortlink":"https:\/\/wp.me\/PaRfTd-guG","_links":{"self":[{"href":"https:\/\/simplynano.ch\/fr\/wp-json\/wp\/v2\/pages\/63406","targetHints":{"allow":["GET"]}}],"collection":[{"href":"https:\/\/simplynano.ch\/fr\/wp-json\/wp\/v2\/pages"}],"about":[{"href":"https:\/\/simplynano.ch\/fr\/wp-json\/wp\/v2\/types\/page"}],"author":[{"embeddable":true,"href":"https:\/\/simplynano.ch\/fr\/wp-json\/wp\/v2\/users\/1"}],"replies":[{"embeddable":true,"href":"https:\/\/simplynano.ch\/fr\/wp-json\/wp\/v2\/comments?post=63406"}],"version-history":[{"count":1,"href":"https:\/\/simplynano.ch\/fr\/wp-json\/wp\/v2\/pages\/63406\/revisions"}],"predecessor-version":[{"id":64325,"href":"https:\/\/simplynano.ch\/fr\/wp-json\/wp\/v2\/pages\/63406\/revisions\/64325"}],"up":[{"embeddable":true,"href":"https:\/\/simplynano.ch\/fr\/wp-json\/wp\/v2\/pages\/63313"}],"wp:attachment":[{"href":"https:\/\/simplynano.ch\/fr\/wp-json\/wp\/v2\/media?parent=63406"}],"curies":[{"name":"wp","href":"https:\/\/api.w.org\/{rel}","templated":true}]}}