{"id":63399,"date":"2025-01-09T09:58:41","date_gmt":"2025-01-09T08:58:41","guid":{"rendered":"https:\/\/simplynano.ch\/lequipe-simplynano\/marlon-rauber\/"},"modified":"2025-02-17T12:50:08","modified_gmt":"2025-02-17T11:50:08","slug":"marlon-rauber","status":"publish","type":"page","link":"https:\/\/simplynano.ch\/fr\/lequipe-simplynano\/marlon-rauber\/","title":{"rendered":"Marlon Rauber"},"content":{"rendered":"<div id=\"pl-63399\"  class=\"panel-layout\" ><div id=\"pg-63399-0\"  class=\"panel-grid panel-has-style\" ><div style=\"padding: 0px 0; \" data-overlay=\"true\" data-overlay-color=\"#000000\" class=\"panel-row-style panel-row-style-for-63399-0\" ><div id=\"pgc-63399-0-0\"  class=\"panel-grid-cell\" ><div id=\"panel-63399-0-0-0\" class=\"so-panel widget widget_black-studio-tinymce widget_black_studio_tinymce panel-first-child panel-last-child\" data-index=\"0\" ><div style=\"text-align: left;\" data-title-color=\"#443f3f\" data-headings-color=\"#443f3f\" class=\"panel-widget-style panel-widget-style-for-63399-0-0-0\" ><div class=\"textwidget\"><h2>Marlon Rauber<\/h2>\n<hr>\n<p>&nbsp;<\/p>\n<\/div><\/div><\/div><\/div><\/div><\/div><div id=\"pg-63399-1\"  class=\"panel-grid panel-has-style\" ><div style=\"padding: 0px 0; \" data-overlay=\"true\" data-overlay-color=\"#000000\" class=\"panel-row-style panel-row-style-for-63399-1\" ><div id=\"pgc-63399-1-0\"  class=\"panel-grid-cell\" ><div id=\"panel-63399-1-0-0\" class=\"so-panel widget widget_black-studio-tinymce widget_black_studio_tinymce panel-first-child panel-last-child\" data-index=\"1\" ><div style=\"text-align: left;\" data-title-color=\"#443f3f\" data-headings-color=\"#443f3f\" class=\"panel-widget-style panel-widget-style-for-63399-1-0-0\" ><div class=\"textwidget\"><h3>Stagiaire<\/h3>\n<p>T\u00e9l\u00e9phone : +41 (0)71 278 02 04<\/p>\n<p>Courrier \u00e9lectronique : vorname.nachname@innovationsgesellschaft.ch<\/p>\n<p>Marlon Rauber effectue un stage de deux ans au sein de la soci\u00e9t\u00e9 d'innovation, qui fait partie int\u00e9grante de sa formation. Il est actuellement en troisi\u00e8me ann\u00e9e d'\u00e9cole de commerce \u00e0 l'\u00e9cole cantonale de Trogen. <\/p>\n<\/div><\/div><\/div><\/div><div id=\"pgc-63399-1-1\"  class=\"panel-grid-cell\" ><div id=\"panel-63399-1-1-0\" class=\"so-panel widget widget_media_image panel-first-child panel-last-child\" data-index=\"2\" ><div style=\"text-align: left;\" data-title-color=\"#443f3f\" data-headings-color=\"#443f3f\" class=\"panel-widget-style panel-widget-style-for-63399-1-1-0\" ><img loading=\"lazy\" decoding=\"async\" width=\"282\" height=\"300\" src=\"https:\/\/simplynano.ch\/wp-content\/uploads\/2025\/01\/Bild-Marlon-282x300.jpg\" class=\"image wp-image-63297  attachment-medium size-medium\" alt=\"\" style=\"max-width: 100%; height: auto;\" srcset=\"https:\/\/simplynano.ch\/wp-content\/uploads\/2025\/01\/Bild-Marlon-282x300.jpg 282w, https:\/\/simplynano.ch\/wp-content\/uploads\/2025\/01\/Bild-Marlon-768x818.jpg 768w, https:\/\/simplynano.ch\/wp-content\/uploads\/2025\/01\/Bild-Marlon-1443x1536.jpg 1443w, https:\/\/simplynano.ch\/wp-content\/uploads\/2025\/01\/Bild-Marlon-1924x2048.jpg 1924w, https:\/\/simplynano.ch\/wp-content\/uploads\/2025\/01\/Bild-Marlon-1000x1065.jpg 1000w, https:\/\/simplynano.ch\/wp-content\/uploads\/2025\/01\/Bild-Marlon-230x245.jpg 230w, https:\/\/simplynano.ch\/wp-content\/uploads\/2025\/01\/Bild-Marlon-350x373.jpg 350w, https:\/\/simplynano.ch\/wp-content\/uploads\/2025\/01\/Bild-Marlon-480x511.jpg 480w, https:\/\/simplynano.ch\/wp-content\/uploads\/2025\/01\/Bild-Marlon-800x852.jpg 800w\" sizes=\"auto, (max-width: 282px) 100vw, 282px\" \/><\/div><\/div><\/div><\/div><\/div><\/div>","protected":false},"excerpt":{"rendered":"<p> [&hellip;]<\/p>\n","protected":false},"author":1,"featured_media":0,"parent":63313,"menu_order":0,"comment_status":"closed","ping_status":"closed","template":"page-templates\/page_front-page.php","meta":{"jetpack_post_was_ever_published":false,"footnotes":""},"class_list":["post-63399","page","type-page","status-publish","hentry"],"jetpack_sharing_enabled":true,"jetpack_shortlink":"https:\/\/wp.me\/PaRfTd-guz","_links":{"self":[{"href":"https:\/\/simplynano.ch\/fr\/wp-json\/wp\/v2\/pages\/63399","targetHints":{"allow":["GET"]}}],"collection":[{"href":"https:\/\/simplynano.ch\/fr\/wp-json\/wp\/v2\/pages"}],"about":[{"href":"https:\/\/simplynano.ch\/fr\/wp-json\/wp\/v2\/types\/page"}],"author":[{"embeddable":true,"href":"https:\/\/simplynano.ch\/fr\/wp-json\/wp\/v2\/users\/1"}],"replies":[{"embeddable":true,"href":"https:\/\/simplynano.ch\/fr\/wp-json\/wp\/v2\/comments?post=63399"}],"version-history":[{"count":1,"href":"https:\/\/simplynano.ch\/fr\/wp-json\/wp\/v2\/pages\/63399\/revisions"}],"predecessor-version":[{"id":64329,"href":"https:\/\/simplynano.ch\/fr\/wp-json\/wp\/v2\/pages\/63399\/revisions\/64329"}],"up":[{"embeddable":true,"href":"https:\/\/simplynano.ch\/fr\/wp-json\/wp\/v2\/pages\/63313"}],"wp:attachment":[{"href":"https:\/\/simplynano.ch\/fr\/wp-json\/wp\/v2\/media?parent=63399"}],"curies":[{"name":"wp","href":"https:\/\/api.w.org\/{rel}","templated":true}]}}