{"id":63392,"date":"2025-01-09T09:08:11","date_gmt":"2025-01-09T08:08:11","guid":{"rendered":"https:\/\/simplynano.ch\/lequipe-simplynano\/ricarda-zech\/"},"modified":"2025-02-17T12:51:43","modified_gmt":"2025-02-17T11:51:43","slug":"ricarda-zech","status":"publish","type":"page","link":"https:\/\/simplynano.ch\/fr\/lequipe-simplynano\/ricarda-zech\/","title":{"rendered":"Ricarda Zech"},"content":{"rendered":"<div id=\"pl-63392\"  class=\"panel-layout\" ><div id=\"pg-63392-0\"  class=\"panel-grid panel-has-style\" ><div style=\"padding: 0px 0; \" data-overlay=\"true\" data-overlay-color=\"#000000\" class=\"panel-row-style panel-row-style-for-63392-0\" ><div id=\"pgc-63392-0-0\"  class=\"panel-grid-cell\" ><div id=\"panel-63392-0-0-0\" class=\"so-panel widget widget_black-studio-tinymce widget_black_studio_tinymce panel-first-child panel-last-child\" data-index=\"0\" ><div style=\"text-align: left;\" data-title-color=\"#443f3f\" data-headings-color=\"#443f3f\" class=\"panel-widget-style panel-widget-style-for-63392-0-0-0\" ><div class=\"textwidget\"><h2>Ricarda Zech<\/h2>\n<hr>\n<p>&nbsp;<\/p>\n<\/div><\/div><\/div><\/div><\/div><\/div><div id=\"pg-63392-1\"  class=\"panel-grid panel-has-style\" ><div style=\"padding: 0px 0; \" data-overlay=\"true\" data-overlay-color=\"#000000\" class=\"panel-row-style panel-row-style-for-63392-1\" ><div id=\"pgc-63392-1-0\"  class=\"panel-grid-cell\" ><div id=\"panel-63392-1-0-0\" class=\"so-panel widget widget_black-studio-tinymce widget_black_studio_tinymce panel-first-child panel-last-child\" data-index=\"1\" ><div style=\"text-align: left;\" data-title-color=\"#443f3f\" data-headings-color=\"#443f3f\" class=\"panel-widget-style panel-widget-style-for-63392-1-0-0\" ><div class=\"textwidget\"><h3><strong>Direction du projet<\/strong><\/h3>\n<p>T\u00e9l\u00e9phone : +41 (0)71 278 02 05<\/p>\n<p>Courrier \u00e9lectronique : vorname.nachname@innovationsgesellschaft.ch<\/p>\n<p>Ricarda Zech a \u00e9tudi\u00e9 la chimie pharmaceutique et a ensuite travaill\u00e9 dans l'industrie pharmaceutique dans le domaine de l'autorisation des m\u00e9dicaments et de la gestion de projets. Au sein de la soci\u00e9t\u00e9 d'innovation, elle est responsable de la gestion des cours et des projets. <\/p>\n<\/div><\/div><\/div><\/div><div id=\"pgc-63392-1-1\"  class=\"panel-grid-cell\" ><div id=\"panel-63392-1-1-0\" class=\"so-panel widget widget_media_image panel-first-child panel-last-child\" data-index=\"2\" ><div style=\"text-align: left;\" data-title-color=\"#443f3f\" data-headings-color=\"#443f3f\" class=\"panel-widget-style panel-widget-style-for-63392-1-1-0\" ><img loading=\"lazy\" decoding=\"async\" width=\"300\" height=\"210\" src=\"https:\/\/simplynano.ch\/wp-content\/uploads\/2025\/01\/Ricarda-Bild-300x210.jpg\" class=\"image wp-image-63317  attachment-medium size-medium\" alt=\"\" style=\"max-width: 100%; height: auto;\" srcset=\"https:\/\/simplynano.ch\/wp-content\/uploads\/2025\/01\/Ricarda-Bild-300x210.jpg 300w, https:\/\/simplynano.ch\/wp-content\/uploads\/2025\/01\/Ricarda-Bild-768x538.jpg 768w, https:\/\/simplynano.ch\/wp-content\/uploads\/2025\/01\/Ricarda-Bild-1000x701.jpg 1000w, https:\/\/simplynano.ch\/wp-content\/uploads\/2025\/01\/Ricarda-Bild-230x161.jpg 230w, https:\/\/simplynano.ch\/wp-content\/uploads\/2025\/01\/Ricarda-Bild-350x245.jpg 350w, https:\/\/simplynano.ch\/wp-content\/uploads\/2025\/01\/Ricarda-Bild-480x337.jpg 480w, https:\/\/simplynano.ch\/wp-content\/uploads\/2025\/01\/Ricarda-Bild-800x561.jpg 800w, https:\/\/simplynano.ch\/wp-content\/uploads\/2025\/01\/Ricarda-Bild.jpg 1211w\" sizes=\"auto, (max-width: 300px) 100vw, 300px\" \/><\/div><\/div><\/div><\/div><\/div><\/div>","protected":false},"excerpt":{"rendered":"<p> [&hellip;]<\/p>\n","protected":false},"author":1,"featured_media":0,"parent":63313,"menu_order":0,"comment_status":"closed","ping_status":"closed","template":"page-templates\/page_front-page.php","meta":{"jetpack_post_was_ever_published":false,"footnotes":""},"class_list":["post-63392","page","type-page","status-publish","hentry"],"jetpack_sharing_enabled":true,"jetpack_shortlink":"https:\/\/wp.me\/PaRfTd-gus","_links":{"self":[{"href":"https:\/\/simplynano.ch\/fr\/wp-json\/wp\/v2\/pages\/63392","targetHints":{"allow":["GET"]}}],"collection":[{"href":"https:\/\/simplynano.ch\/fr\/wp-json\/wp\/v2\/pages"}],"about":[{"href":"https:\/\/simplynano.ch\/fr\/wp-json\/wp\/v2\/types\/page"}],"author":[{"embeddable":true,"href":"https:\/\/simplynano.ch\/fr\/wp-json\/wp\/v2\/users\/1"}],"replies":[{"embeddable":true,"href":"https:\/\/simplynano.ch\/fr\/wp-json\/wp\/v2\/comments?post=63392"}],"version-history":[{"count":1,"href":"https:\/\/simplynano.ch\/fr\/wp-json\/wp\/v2\/pages\/63392\/revisions"}],"predecessor-version":[{"id":64331,"href":"https:\/\/simplynano.ch\/fr\/wp-json\/wp\/v2\/pages\/63392\/revisions\/64331"}],"up":[{"embeddable":true,"href":"https:\/\/simplynano.ch\/fr\/wp-json\/wp\/v2\/pages\/63313"}],"wp:attachment":[{"href":"https:\/\/simplynano.ch\/fr\/wp-json\/wp\/v2\/media?parent=63392"}],"curies":[{"name":"wp","href":"https:\/\/api.w.org\/{rel}","templated":true}]}}