{"id":63367,"date":"2025-01-07T14:22:05","date_gmt":"2025-01-07T13:22:05","guid":{"rendered":"https:\/\/simplynano.ch\/lequipe-simplynano\/oliver-puetz\/"},"modified":"2025-01-31T11:30:41","modified_gmt":"2025-01-31T10:30:41","slug":"oliver-puetz","status":"publish","type":"page","link":"https:\/\/simplynano.ch\/fr\/lequipe-simplynano\/oliver-puetz\/","title":{"rendered":"Oliver P\u00fctz"},"content":{"rendered":"<div id=\"pl-63367\"  class=\"panel-layout\" ><div id=\"pg-63367-0\"  class=\"panel-grid panel-has-style\" ><div style=\"padding: -50px 0; \" data-overlay=\"true\" data-overlay-color=\"#000000\" class=\"panel-row-style panel-row-style-for-63367-0\" ><div id=\"pgc-63367-0-0\"  class=\"panel-grid-cell\" ><div id=\"panel-63367-0-0-0\" class=\"so-panel widget widget_black-studio-tinymce widget_black_studio_tinymce panel-first-child panel-last-child\" data-index=\"0\" ><div style=\"text-align: left;\" data-title-color=\"#443f3f\" data-headings-color=\"#443f3f\" class=\"panel-widget-style panel-widget-style-for-63367-0-0-0\" ><div class=\"textwidget\"><h2>Oliver P\u00fctz<\/h2>\n<hr>\n<p>&nbsp;<\/p>\n<\/div><\/div><\/div><\/div><\/div><\/div><div id=\"pg-63367-1\"  class=\"panel-grid panel-has-style\" ><div style=\"padding: 0px 0; \" data-overlay=\"true\" data-overlay-color=\"#000000\" class=\"panel-row-style panel-row-style-for-63367-1\" ><div id=\"pgc-63367-1-0\"  class=\"panel-grid-cell\" ><div id=\"panel-63367-1-0-0\" class=\"so-panel widget widget_black-studio-tinymce widget_black_studio_tinymce panel-first-child panel-last-child\" data-index=\"1\" ><div style=\"text-align: left;\" data-title-color=\"#443f3f\" data-headings-color=\"#443f3f\" class=\"panel-widget-style panel-widget-style-for-63367-1-0-0\" ><div class=\"textwidget\"><h3>Collaborateur de projet<\/h3>\n<p>T\u00e9l\u00e9phone : +41 (0)71 278 02 04 E-mail : vorname.nachname@innovationsgesellschaft.ch Oliver P\u00fctz est un collaborateur de projet \u00e0 temps plein \u00e0 la Soci\u00e9t\u00e9 de l'innovation. Apr\u00e8s un stage r\u00e9ussi de deux ans \u00e0 la Soci\u00e9t\u00e9 de l'innovation, qui faisait partie de sa formation commerciale, il a \u00e9t\u00e9 int\u00e9gr\u00e9 \u00e0 l'\u00e9quipe.<\/p>\n<\/div><\/div><\/div><\/div><div id=\"pgc-63367-1-1\"  class=\"panel-grid-cell\" ><div id=\"panel-63367-1-1-0\" class=\"so-panel widget widget_media_image panel-first-child panel-last-child\" data-index=\"2\" ><div style=\"text-align: left;\" data-title-color=\"#443f3f\" data-headings-color=\"#443f3f\" class=\"panel-widget-style panel-widget-style-for-63367-1-1-0\" ><img loading=\"lazy\" decoding=\"async\" width=\"225\" height=\"300\" src=\"https:\/\/simplynano.ch\/wp-content\/uploads\/2025\/01\/IMG_9001-225x300.jpg\" class=\"image wp-image-63255  attachment-medium size-medium\" alt=\"\" style=\"max-width: 100%; height: auto;\" srcset=\"https:\/\/simplynano.ch\/wp-content\/uploads\/2025\/01\/IMG_9001-225x300.jpg 225w, https:\/\/simplynano.ch\/wp-content\/uploads\/2025\/01\/IMG_9001-768x1024.jpg 768w, https:\/\/simplynano.ch\/wp-content\/uploads\/2025\/01\/IMG_9001-1152x1536.jpg 1152w, https:\/\/simplynano.ch\/wp-content\/uploads\/2025\/01\/IMG_9001-1536x2048.jpg 1536w, https:\/\/simplynano.ch\/wp-content\/uploads\/2025\/01\/IMG_9001-1000x1333.jpg 1000w, https:\/\/simplynano.ch\/wp-content\/uploads\/2025\/01\/IMG_9001-230x307.jpg 230w, https:\/\/simplynano.ch\/wp-content\/uploads\/2025\/01\/IMG_9001-350x467.jpg 350w, https:\/\/simplynano.ch\/wp-content\/uploads\/2025\/01\/IMG_9001-480x640.jpg 480w, https:\/\/simplynano.ch\/wp-content\/uploads\/2025\/01\/IMG_9001-800x1067.jpg 800w, https:\/\/simplynano.ch\/wp-content\/uploads\/2025\/01\/IMG_9001-scaled.jpg 1920w\" sizes=\"auto, (max-width: 225px) 100vw, 225px\" \/><\/div><\/div><\/div><\/div><\/div><\/div>","protected":false},"excerpt":{"rendered":"<p> [&hellip;]<\/p>\n","protected":false},"author":1,"featured_media":0,"parent":63313,"menu_order":0,"comment_status":"closed","ping_status":"closed","template":"page-templates\/page_front-page.php","meta":{"jetpack_post_was_ever_published":false,"footnotes":""},"class_list":["post-63367","page","type-page","status-publish","hentry"],"jetpack_sharing_enabled":true,"jetpack_shortlink":"https:\/\/wp.me\/PaRfTd-gu3","_links":{"self":[{"href":"https:\/\/simplynano.ch\/fr\/wp-json\/wp\/v2\/pages\/63367","targetHints":{"allow":["GET"]}}],"collection":[{"href":"https:\/\/simplynano.ch\/fr\/wp-json\/wp\/v2\/pages"}],"about":[{"href":"https:\/\/simplynano.ch\/fr\/wp-json\/wp\/v2\/types\/page"}],"author":[{"embeddable":true,"href":"https:\/\/simplynano.ch\/fr\/wp-json\/wp\/v2\/users\/1"}],"replies":[{"embeddable":true,"href":"https:\/\/simplynano.ch\/fr\/wp-json\/wp\/v2\/comments?post=63367"}],"version-history":[{"count":1,"href":"https:\/\/simplynano.ch\/fr\/wp-json\/wp\/v2\/pages\/63367\/revisions"}],"predecessor-version":[{"id":63651,"href":"https:\/\/simplynano.ch\/fr\/wp-json\/wp\/v2\/pages\/63367\/revisions\/63651"}],"up":[{"embeddable":true,"href":"https:\/\/simplynano.ch\/fr\/wp-json\/wp\/v2\/pages\/63313"}],"wp:attachment":[{"href":"https:\/\/simplynano.ch\/fr\/wp-json\/wp\/v2\/media?parent=63367"}],"curies":[{"name":"wp","href":"https:\/\/api.w.org\/{rel}","templated":true}]}}