{"id":61593,"date":"2024-11-08T10:13:44","date_gmt":"2024-11-08T09:13:44","guid":{"rendered":"https:\/\/simplynano.ch\/projet\/projet-simplynano-2-dans-la-principaute-de-liechtenstein\/"},"modified":"2025-12-15T10:27:00","modified_gmt":"2025-12-15T09:27:00","slug":"projet-simplynano-2-dans-la-principaute-de-liechtenstein","status":"publish","type":"page","link":"https:\/\/simplynano.ch\/fr\/projet\/projet-simplynano-2-dans-la-principaute-de-liechtenstein\/","title":{"rendered":"Projet SimplyNano 2 dans la Principaut\u00e9 de Liechtenstein"},"content":{"rendered":"<div id=\"pl-61593\"  class=\"panel-layout\" ><div id=\"pg-61593-0\"  class=\"panel-grid panel-has-style\" ><div style=\"padding: 100px 0; \" data-overlay=\"true\" data-overlay-color=\"#000000\" class=\"panel-row-style panel-row-style-for-61593-0\" ><div id=\"pgc-61593-0-0\"  class=\"panel-grid-cell\" ><div id=\"panel-61593-0-0-0\" class=\"so-panel widget widget_black-studio-tinymce widget_black_studio_tinymce panel-first-child panel-last-child\" data-index=\"0\" ><div style=\"text-align: left;\" data-title-color=\"#443f3f\" data-headings-color=\"#443f3f\" class=\"panel-widget-style panel-widget-style-for-61593-0-0-0\" ><div class=\"textwidget\"><h3>SimplyNano 2 <span style=\"font-weight: 400;\">- Projet <\/span>dans la Principaut\u00e9 de Liechtenstein<\/h3>\n<\/div><\/div><\/div><\/div><\/div><\/div><div id=\"pg-61593-1\"  class=\"panel-grid panel-has-style\" ><div style=\"border-bottom: 1px solid #7dba00;padding: -100px 0; \" data-overlay=\"true\" data-overlay-color=\"#000000\" class=\"panel-row-style panel-row-style-for-61593-1\" ><div id=\"pgc-61593-1-0\"  class=\"panel-grid-cell\" ><div id=\"panel-61593-1-0-0\" class=\"so-panel widget widget_black-studio-tinymce widget_black_studio_tinymce panel-first-child panel-last-child\" data-index=\"1\" ><div style=\"text-align: left;\" data-title-color=\"#443f3f\" data-headings-color=\"#443f3f\" class=\"panel-widget-style panel-widget-style-for-61593-1-0-0\" ><div class=\"textwidget\"><p>La Principaut\u00e9 du Liechtenstein est le premier pays en dehors de la Suisse \u00e0 utiliser les supports p\u00e9dagogiques \"SimplyNano 2\" dans les \u00e9coles secondaires. En septembre 2025, huit \u00e9coles ont \u00e9t\u00e9 \u00e9quip\u00e9es de 101 mallettes d'exp\u00e9rimentation \"SimplyNano 2\". Parall\u00e8lement, un cours de formation continue pour les enseignants a \u00e9t\u00e9 organis\u00e9 chez Ivoclar \u00e0 Schaan. Ce cours a cr\u00e9\u00e9 un contact pr\u00e9cieux entre les \u00e9coles, les entreprises et les responsables de l'apprentissage. Cela renforce le lien avec la formation professionnelle tout en encourageant la rel\u00e8ve dans les m\u00e9tiers techniques.<br \/>\nLe projet a \u00e9t\u00e9 financ\u00e9 par des partenaires et mis gratuitement \u00e0 la disposition des \u00e9coles.    <\/p>\n<ul style=\"color: #7dba00;\">\n<li><a href=\"http:\/\/simplynano.ch\/wp-content\/uploads\/2025\/10\/Schlussbericht_Fuerstentum_Liechtenstein.pdf\" target=\"_blank\" rel=\"noopener\">Rapport final sur le projet \"SimplyNano\" dans la Principaut\u00e9 de Liechtenstein<\/a><\/li>\n<\/ul>\n<\/div><\/div><\/div><\/div><div id=\"pgc-61593-1-1\"  class=\"panel-grid-cell\" ><div id=\"panel-61593-1-1-0\" class=\"so-panel widget widget_media_image panel-first-child panel-last-child\" data-index=\"2\" ><div style=\"text-align: left;\" data-title-color=\"#443f3f\" data-headings-color=\"#443f3f\" class=\"panel-widget-style panel-widget-style-for-61593-1-1-0\" ><img loading=\"lazy\" decoding=\"async\" width=\"300\" height=\"169\" src=\"https:\/\/simplynano.ch\/wp-content\/uploads\/2024\/11\/Liechtenstein-Wappen-300x169.png\" class=\"image wp-image-61509  attachment-medium size-medium\" alt=\"\" style=\"max-width: 100%; height: auto;\" srcset=\"https:\/\/simplynano.ch\/wp-content\/uploads\/2024\/11\/Liechtenstein-Wappen-300x169.png 300w, https:\/\/simplynano.ch\/wp-content\/uploads\/2024\/11\/Liechtenstein-Wappen-768x432.png 768w, https:\/\/simplynano.ch\/wp-content\/uploads\/2024\/11\/Liechtenstein-Wappen-1536x864.png 1536w, https:\/\/simplynano.ch\/wp-content\/uploads\/2024\/11\/Liechtenstein-Wappen-1000x563.png 1000w, https:\/\/simplynano.ch\/wp-content\/uploads\/2024\/11\/Liechtenstein-Wappen-230x129.png 230w, https:\/\/simplynano.ch\/wp-content\/uploads\/2024\/11\/Liechtenstein-Wappen-350x197.png 350w, https:\/\/simplynano.ch\/wp-content\/uploads\/2024\/11\/Liechtenstein-Wappen-480x270.png 480w, https:\/\/simplynano.ch\/wp-content\/uploads\/2024\/11\/Liechtenstein-Wappen-800x450.png 800w, https:\/\/simplynano.ch\/wp-content\/uploads\/2024\/11\/Liechtenstein-Wappen.png 2000w\" sizes=\"auto, (max-width: 300px) 100vw, 300px\" \/><\/div><\/div><\/div><\/div><\/div><div id=\"pg-61593-2\"  class=\"panel-grid panel-has-style\" ><div style=\"padding: 40px 0; \" data-overlay=\"true\" data-overlay-color=\"#000000\" class=\"panel-row-style panel-row-style-for-61593-2\" ><div id=\"pgc-61593-2-0\"  class=\"panel-grid-cell\" ><div id=\"panel-61593-2-0-0\" class=\"so-panel widget widget_black-studio-tinymce widget_black_studio_tinymce panel-first-child panel-last-child\" data-index=\"3\" ><div style=\"text-align: left;\" data-title-color=\"#443f3f\" data-headings-color=\"#443f3f\" class=\"panel-widget-style panel-widget-style-for-61593-2-0-0\" ><div class=\"textwidget\"><h4>Partenaires du projet<\/h4>\n<\/div><\/div><\/div><\/div><\/div><\/div><div id=\"pg-61593-3\"  class=\"panel-grid panel-has-style\" ><div style=\"padding: 80px 0; \" data-overlay=\"true\" data-overlay-color=\"#000000\" class=\"panel-row-style panel-row-style-for-61593-3\" ><div id=\"pgc-61593-3-0\"  class=\"panel-grid-cell\" ><div id=\"panel-61593-3-0-0\" class=\"so-panel widget widget_black-studio-tinymce widget_black_studio_tinymce panel-first-child panel-last-child\" data-index=\"4\" ><div style=\"text-align: left;\" data-title-color=\"#443f3f\" data-headings-color=\"#443f3f\" class=\"panel-widget-style panel-widget-style-for-61593-3-0-0\" ><div class=\"textwidget\"><h5 style=\"text-align: center;\">Partenaire Gold<\/h5>\n<\/div><\/div><\/div><\/div><\/div><\/div><div id=\"pg-61593-4\"  class=\"panel-grid panel-has-style\" ><div style=\"border-bottom: 1px solid #7dba00;padding: 100px 0; \" data-overlay=\"true\" data-overlay-color=\"#000000\" class=\"panel-row-style panel-row-style-for-61593-4\" ><div id=\"pgc-61593-4-0\"  class=\"panel-grid-cell\" ><div id=\"panel-61593-4-0-0\" class=\"so-panel widget widget_media_image panel-first-child panel-last-child\" data-index=\"5\" ><div style=\"text-align: left;\" data-title-color=\"#443f3f\" data-headings-color=\"#443f3f\" class=\"panel-widget-style panel-widget-style-for-61593-4-0-0\" ><img loading=\"lazy\" decoding=\"async\" width=\"1280\" height=\"526\" src=\"https:\/\/simplynano.ch\/wp-content\/uploads\/2025\/09\/Maiores-Stiftung_Logo2.png\" class=\"image wp-image-65624  attachment-full size-full\" alt=\"\" style=\"max-width: 100%; height: auto;\" srcset=\"https:\/\/simplynano.ch\/wp-content\/uploads\/2025\/09\/Maiores-Stiftung_Logo2.png 1280w, https:\/\/simplynano.ch\/wp-content\/uploads\/2025\/09\/Maiores-Stiftung_Logo2-300x123.png 300w, https:\/\/simplynano.ch\/wp-content\/uploads\/2025\/09\/Maiores-Stiftung_Logo2-768x316.png 768w, https:\/\/simplynano.ch\/wp-content\/uploads\/2025\/09\/Maiores-Stiftung_Logo2-1000x411.png 1000w, https:\/\/simplynano.ch\/wp-content\/uploads\/2025\/09\/Maiores-Stiftung_Logo2-230x95.png 230w, https:\/\/simplynano.ch\/wp-content\/uploads\/2025\/09\/Maiores-Stiftung_Logo2-350x144.png 350w, https:\/\/simplynano.ch\/wp-content\/uploads\/2025\/09\/Maiores-Stiftung_Logo2-480x197.png 480w, https:\/\/simplynano.ch\/wp-content\/uploads\/2025\/09\/Maiores-Stiftung_Logo2-800x329.png 800w\" sizes=\"auto, (max-width: 1280px) 100vw, 1280px\" \/><\/div><\/div><\/div><div id=\"pgc-61593-4-1\"  class=\"panel-grid-cell\" ><div id=\"panel-61593-4-1-0\" class=\"so-panel widget widget_media_image panel-first-child panel-last-child\" data-index=\"6\" ><div style=\"text-align: left;\" data-title-color=\"#443f3f\" data-headings-color=\"#443f3f\" class=\"panel-widget-style panel-widget-style-for-61593-4-1-0\" ><img loading=\"lazy\" decoding=\"async\" width=\"300\" height=\"145\" src=\"https:\/\/simplynano.ch\/wp-content\/uploads\/2025\/04\/thoolen_logo-300x145.png\" class=\"image wp-image-64712  attachment-medium size-medium\" alt=\"\" style=\"max-width: 100%; height: auto;\" srcset=\"https:\/\/simplynano.ch\/wp-content\/uploads\/2025\/04\/thoolen_logo-300x145.png 300w, https:\/\/simplynano.ch\/wp-content\/uploads\/2025\/04\/thoolen_logo-230x111.png 230w, https:\/\/simplynano.ch\/wp-content\/uploads\/2025\/04\/thoolen_logo-350x169.png 350w, https:\/\/simplynano.ch\/wp-content\/uploads\/2025\/04\/thoolen_logo.png 361w\" sizes=\"auto, (max-width: 300px) 100vw, 300px\" \/><\/div><\/div><\/div><\/div><\/div><div id=\"pg-61593-5\"  class=\"panel-grid panel-has-style\" ><div style=\"padding: 100px 0; \" data-overlay=\"true\" data-overlay-color=\"#000000\" class=\"panel-row-style panel-row-style-for-61593-5\" ><div id=\"pgc-61593-5-0\"  class=\"panel-grid-cell\" ><div id=\"panel-61593-5-0-0\" class=\"so-panel widget widget_black-studio-tinymce widget_black_studio_tinymce panel-first-child panel-last-child\" data-index=\"7\" ><div style=\"text-align: left;\" data-title-color=\"#443f3f\" data-headings-color=\"#443f3f\" class=\"panel-widget-style panel-widget-style-for-61593-5-0-0\" ><div class=\"textwidget\"><h5 style=\"text-align: center;\">Partenaire argent<\/h5>\n<\/div><\/div><\/div><\/div><\/div><\/div><div id=\"pg-61593-6\"  class=\"panel-grid panel-has-style\" ><div style=\"border-bottom: 1px solid #7dba00;padding: -30px 0; \" data-overlay=\"true\" data-overlay-color=\"#000000\" class=\"panel-row-style panel-row-style-for-61593-6\" ><div id=\"pgc-61593-6-0\"  class=\"panel-grid-cell panel-grid-cell-empty\" ><\/div><div id=\"pgc-61593-6-1\"  class=\"panel-grid-cell panel-grid-cell-mobile-last\" ><div id=\"panel-61593-6-1-0\" class=\"so-panel widget widget_media_image panel-first-child panel-last-child\" data-index=\"8\" ><div style=\"text-align: left;\" data-title-color=\"#443f3f\" data-headings-color=\"#443f3f\" class=\"panel-widget-style panel-widget-style-for-61593-6-1-0\" ><img loading=\"lazy\" decoding=\"async\" width=\"2005\" height=\"846\" src=\"https:\/\/simplynano.ch\/wp-content\/uploads\/2022\/09\/AGITEC_Logo.jpg\" class=\"image wp-image-56073  attachment-full size-full\" alt=\"\" style=\"max-width: 100%; height: auto;\" srcset=\"https:\/\/simplynano.ch\/wp-content\/uploads\/2022\/09\/AGITEC_Logo.jpg 2005w, https:\/\/simplynano.ch\/wp-content\/uploads\/2022\/09\/AGITEC_Logo-300x127.jpg 300w, https:\/\/simplynano.ch\/wp-content\/uploads\/2022\/09\/AGITEC_Logo-1024x432.jpg 1024w, https:\/\/simplynano.ch\/wp-content\/uploads\/2022\/09\/AGITEC_Logo-768x324.jpg 768w, https:\/\/simplynano.ch\/wp-content\/uploads\/2022\/09\/AGITEC_Logo-1536x648.jpg 1536w, https:\/\/simplynano.ch\/wp-content\/uploads\/2022\/09\/AGITEC_Logo-1000x422.jpg 1000w, https:\/\/simplynano.ch\/wp-content\/uploads\/2022\/09\/AGITEC_Logo-230x97.jpg 230w, https:\/\/simplynano.ch\/wp-content\/uploads\/2022\/09\/AGITEC_Logo-350x148.jpg 350w, https:\/\/simplynano.ch\/wp-content\/uploads\/2022\/09\/AGITEC_Logo-480x203.jpg 480w, https:\/\/simplynano.ch\/wp-content\/uploads\/2022\/09\/AGITEC_Logo-800x338.jpg 800w\" sizes=\"auto, (max-width: 2005px) 100vw, 2005px\" \/><\/div><\/div><\/div><div id=\"pgc-61593-6-2\"  class=\"panel-grid-cell panel-grid-cell-empty\" ><\/div><\/div><\/div><div id=\"pg-61593-7\"  class=\"panel-grid panel-has-style\" ><div style=\"padding: 80px 0; \" data-overlay=\"true\" data-overlay-color=\"#000000\" class=\"panel-row-style panel-row-style-for-61593-7\" ><div id=\"pgc-61593-7-0\"  class=\"panel-grid-cell\" ><div id=\"panel-61593-7-0-0\" class=\"so-panel widget widget_black-studio-tinymce widget_black_studio_tinymce panel-first-child panel-last-child\" data-index=\"9\" ><div style=\"text-align: left;\" data-title-color=\"#443f3f\" data-headings-color=\"#443f3f\" class=\"panel-widget-style panel-widget-style-for-61593-7-0-0\" ><div class=\"textwidget\"><h5 style=\"text-align: center;\">Partenaire bronze<\/h5>\n<\/div><\/div><\/div><\/div><\/div><\/div><div id=\"pg-61593-8\"  class=\"panel-grid panel-has-style\" ><div style=\"padding: 100px 0; \" data-overlay=\"true\" data-overlay-color=\"#000000\" class=\"panel-row-style panel-row-style-for-61593-8\" ><div id=\"pgc-61593-8-0\"  class=\"panel-grid-cell\" ><div id=\"panel-61593-8-0-0\" class=\"so-panel widget widget_media_image panel-first-child panel-last-child\" data-index=\"10\" ><div style=\"text-align: left;\" data-title-color=\"#443f3f\" data-headings-color=\"#443f3f\" class=\"panel-widget-style panel-widget-style-for-61593-8-0-0\" ><img loading=\"lazy\" decoding=\"async\" width=\"300\" height=\"60\" src=\"https:\/\/simplynano.ch\/wp-content\/uploads\/2020\/02\/Hans_Huber_Stiftung-300x60.png\" class=\"image wp-image-41417  attachment-medium size-medium\" alt=\"\" style=\"max-width: 100%; height: auto;\" srcset=\"https:\/\/simplynano.ch\/wp-content\/uploads\/2020\/02\/Hans_Huber_Stiftung-300x60.png 300w, https:\/\/simplynano.ch\/wp-content\/uploads\/2020\/02\/Hans_Huber_Stiftung-800x161.png 800w, https:\/\/simplynano.ch\/wp-content\/uploads\/2020\/02\/Hans_Huber_Stiftung-768x155.png 768w, https:\/\/simplynano.ch\/wp-content\/uploads\/2020\/02\/Hans_Huber_Stiftung-1024x206.png 1024w, https:\/\/simplynano.ch\/wp-content\/uploads\/2020\/02\/Hans_Huber_Stiftung-830x167.png 830w, https:\/\/simplynano.ch\/wp-content\/uploads\/2020\/02\/Hans_Huber_Stiftung-230x46.png 230w, https:\/\/simplynano.ch\/wp-content\/uploads\/2020\/02\/Hans_Huber_Stiftung-350x70.png 350w, https:\/\/simplynano.ch\/wp-content\/uploads\/2020\/02\/Hans_Huber_Stiftung-480x97.png 480w, https:\/\/simplynano.ch\/wp-content\/uploads\/2020\/02\/Hans_Huber_Stiftung.png 1814w\" sizes=\"auto, (max-width: 300px) 100vw, 300px\" \/><\/div><\/div><\/div><div id=\"pgc-61593-8-1\"  class=\"panel-grid-cell\" ><div id=\"panel-61593-8-1-0\" class=\"so-panel widget widget_media_image panel-first-child panel-last-child\" data-index=\"11\" ><div style=\"text-align: left;\" data-title-color=\"#443f3f\" data-headings-color=\"#443f3f\" class=\"panel-widget-style panel-widget-style-for-61593-8-1-0\" ><img loading=\"lazy\" decoding=\"async\" width=\"300\" height=\"60\" src=\"https:\/\/simplynano.ch\/wp-content\/uploads\/2020\/01\/INFICON-Corporate-Logo-2-Color-300x60.png\" class=\"image wp-image-40406  attachment-medium size-medium\" alt=\"\" style=\"max-width: 100%; height: auto;\" srcset=\"https:\/\/simplynano.ch\/wp-content\/uploads\/2020\/01\/INFICON-Corporate-Logo-2-Color-300x60.png 300w, https:\/\/simplynano.ch\/wp-content\/uploads\/2020\/01\/INFICON-Corporate-Logo-2-Color-800x161.png 800w, https:\/\/simplynano.ch\/wp-content\/uploads\/2020\/01\/INFICON-Corporate-Logo-2-Color-768x155.png 768w, https:\/\/simplynano.ch\/wp-content\/uploads\/2020\/01\/INFICON-Corporate-Logo-2-Color-1024x206.png 1024w, https:\/\/simplynano.ch\/wp-content\/uploads\/2020\/01\/INFICON-Corporate-Logo-2-Color-830x167.png 830w, https:\/\/simplynano.ch\/wp-content\/uploads\/2020\/01\/INFICON-Corporate-Logo-2-Color-230x46.png 230w, https:\/\/simplynano.ch\/wp-content\/uploads\/2020\/01\/INFICON-Corporate-Logo-2-Color-350x70.png 350w, https:\/\/simplynano.ch\/wp-content\/uploads\/2020\/01\/INFICON-Corporate-Logo-2-Color-480x97.png 480w, https:\/\/simplynano.ch\/wp-content\/uploads\/2020\/01\/INFICON-Corporate-Logo-2-Color.png 1958w\" sizes=\"auto, (max-width: 300px) 100vw, 300px\" \/><\/div><\/div><\/div><\/div><\/div><div id=\"pg-61593-9\"  class=\"panel-grid panel-has-style\" ><div style=\"border-bottom: 1px solid #7dba00;padding: 100px 0; \" data-overlay=\"true\" data-overlay-color=\"#000000\" class=\"panel-row-style panel-row-style-for-61593-9\" ><div id=\"pgc-61593-9-0\"  class=\"panel-grid-cell\" ><div id=\"panel-61593-9-0-0\" class=\"so-panel widget widget_media_image panel-first-child panel-last-child\" data-index=\"12\" ><div style=\"text-align: left;\" data-title-color=\"#443f3f\" data-headings-color=\"#443f3f\" class=\"panel-widget-style panel-widget-style-for-61593-9-0-0\" ><img loading=\"lazy\" decoding=\"async\" width=\"300\" height=\"96\" src=\"https:\/\/simplynano.ch\/wp-content\/uploads\/2023\/12\/Logo-Sitftung-Pro-Humanitate-300x96.jpg\" class=\"image wp-image-60264  attachment-medium size-medium\" alt=\"\" style=\"max-width: 100%; height: auto;\" srcset=\"https:\/\/simplynano.ch\/wp-content\/uploads\/2023\/12\/Logo-Sitftung-Pro-Humanitate-300x96.jpg 300w, https:\/\/simplynano.ch\/wp-content\/uploads\/2023\/12\/Logo-Sitftung-Pro-Humanitate-768x247.jpg 768w, https:\/\/simplynano.ch\/wp-content\/uploads\/2023\/12\/Logo-Sitftung-Pro-Humanitate-1000x321.jpg 1000w, https:\/\/simplynano.ch\/wp-content\/uploads\/2023\/12\/Logo-Sitftung-Pro-Humanitate-230x74.jpg 230w, https:\/\/simplynano.ch\/wp-content\/uploads\/2023\/12\/Logo-Sitftung-Pro-Humanitate-350x112.jpg 350w, https:\/\/simplynano.ch\/wp-content\/uploads\/2023\/12\/Logo-Sitftung-Pro-Humanitate-480x154.jpg 480w, https:\/\/simplynano.ch\/wp-content\/uploads\/2023\/12\/Logo-Sitftung-Pro-Humanitate-800x257.jpg 800w, https:\/\/simplynano.ch\/wp-content\/uploads\/2023\/12\/Logo-Sitftung-Pro-Humanitate.jpg 1140w\" sizes=\"auto, (max-width: 300px) 100vw, 300px\" \/><\/div><\/div><\/div><div id=\"pgc-61593-9-1\"  class=\"panel-grid-cell\" ><div id=\"panel-61593-9-1-0\" class=\"so-panel widget widget_media_image panel-first-child panel-last-child\" data-index=\"13\" ><div style=\"text-align: left;\" data-title-color=\"#443f3f\" data-headings-color=\"#443f3f\" class=\"panel-widget-style panel-widget-style-for-61593-9-1-0\" ><img loading=\"lazy\" decoding=\"async\" width=\"300\" height=\"140\" src=\"https:\/\/simplynano.ch\/wp-content\/uploads\/2025\/08\/VPBank_Stiftung_Logo-300x140.jpg\" class=\"image wp-image-65405  attachment-medium size-medium\" alt=\"\" style=\"max-width: 100%; height: auto;\" srcset=\"https:\/\/simplynano.ch\/wp-content\/uploads\/2025\/08\/VPBank_Stiftung_Logo-300x140.jpg 300w, https:\/\/simplynano.ch\/wp-content\/uploads\/2025\/08\/VPBank_Stiftung_Logo-768x359.jpg 768w, https:\/\/simplynano.ch\/wp-content\/uploads\/2025\/08\/VPBank_Stiftung_Logo-1536x719.jpg 1536w, https:\/\/simplynano.ch\/wp-content\/uploads\/2025\/08\/VPBank_Stiftung_Logo-1000x468.jpg 1000w, https:\/\/simplynano.ch\/wp-content\/uploads\/2025\/08\/VPBank_Stiftung_Logo-230x108.jpg 230w, https:\/\/simplynano.ch\/wp-content\/uploads\/2025\/08\/VPBank_Stiftung_Logo-350x164.jpg 350w, https:\/\/simplynano.ch\/wp-content\/uploads\/2025\/08\/VPBank_Stiftung_Logo-480x225.jpg 480w, https:\/\/simplynano.ch\/wp-content\/uploads\/2025\/08\/VPBank_Stiftung_Logo-800x374.jpg 800w, https:\/\/simplynano.ch\/wp-content\/uploads\/2025\/08\/VPBank_Stiftung_Logo.jpg 2000w\" sizes=\"auto, (max-width: 300px) 100vw, 300px\" \/><\/div><\/div><\/div><div id=\"pgc-61593-9-2\"  class=\"panel-grid-cell\" ><div id=\"panel-61593-9-2-0\" class=\"so-panel widget widget_media_image panel-first-child panel-last-child\" data-index=\"14\" ><div style=\"text-align: left;\" data-title-color=\"#443f3f\" data-headings-color=\"#443f3f\" class=\"panel-widget-style panel-widget-style-for-61593-9-2-0\" ><img loading=\"lazy\" decoding=\"async\" width=\"300\" height=\"83\" src=\"https:\/\/simplynano.ch\/wp-content\/uploads\/2025\/02\/Anonyme-Stitung-FL-1Kopie-300x83.png\" class=\"image wp-image-64586  attachment-medium size-medium\" alt=\"\" style=\"max-width: 100%; height: auto;\" srcset=\"https:\/\/simplynano.ch\/wp-content\/uploads\/2025\/02\/Anonyme-Stitung-FL-1Kopie-300x83.png 300w, https:\/\/simplynano.ch\/wp-content\/uploads\/2025\/02\/Anonyme-Stitung-FL-1Kopie-230x64.png 230w, https:\/\/simplynano.ch\/wp-content\/uploads\/2025\/02\/Anonyme-Stitung-FL-1Kopie-350x97.png 350w, https:\/\/simplynano.ch\/wp-content\/uploads\/2025\/02\/Anonyme-Stitung-FL-1Kopie.png 436w\" sizes=\"auto, (max-width: 300px) 100vw, 300px\" \/><\/div><\/div><\/div><\/div><\/div><\/div>","protected":false},"excerpt":{"rendered":"<p> [&hellip;]<\/p>\n","protected":false},"author":1,"featured_media":0,"parent":59127,"menu_order":0,"comment_status":"closed","ping_status":"closed","template":"page-templates\/page_front-page.php","meta":{"jetpack_post_was_ever_published":false,"footnotes":""},"class_list":["post-61593","page","type-page","status-publish","hentry"],"jetpack_sharing_enabled":true,"jetpack_shortlink":"https:\/\/wp.me\/PaRfTd-g1r","_links":{"self":[{"href":"https:\/\/simplynano.ch\/fr\/wp-json\/wp\/v2\/pages\/61593","targetHints":{"allow":["GET"]}}],"collection":[{"href":"https:\/\/simplynano.ch\/fr\/wp-json\/wp\/v2\/pages"}],"about":[{"href":"https:\/\/simplynano.ch\/fr\/wp-json\/wp\/v2\/types\/page"}],"author":[{"embeddable":true,"href":"https:\/\/simplynano.ch\/fr\/wp-json\/wp\/v2\/users\/1"}],"replies":[{"embeddable":true,"href":"https:\/\/simplynano.ch\/fr\/wp-json\/wp\/v2\/comments?post=61593"}],"version-history":[{"count":1,"href":"https:\/\/simplynano.ch\/fr\/wp-json\/wp\/v2\/pages\/61593\/revisions"}],"predecessor-version":[{"id":61738,"href":"https:\/\/simplynano.ch\/fr\/wp-json\/wp\/v2\/pages\/61593\/revisions\/61738"}],"up":[{"embeddable":true,"href":"https:\/\/simplynano.ch\/fr\/wp-json\/wp\/v2\/pages\/59127"}],"wp:attachment":[{"href":"https:\/\/simplynano.ch\/fr\/wp-json\/wp\/v2\/media?parent=61593"}],"curies":[{"name":"wp","href":"https:\/\/api.w.org\/{rel}","templated":true}]}}