{"id":59200,"date":"2022-11-22T16:39:08","date_gmt":"2022-11-22T15:39:08","guid":{"rendered":"https:\/\/simplynano.ch\/projet\/projet-simplynano-2-schwyz\/"},"modified":"2025-02-17T14:40:08","modified_gmt":"2025-02-17T13:40:08","slug":"projet-simplynano-2-schwyz","status":"publish","type":"page","link":"https:\/\/simplynano.ch\/fr\/projet\/projet-simplynano-2-schwyz\/","title":{"rendered":"Projet SimplyNano 2 Schwyz"},"content":{"rendered":"<div id=\"pl-59200\"  class=\"panel-layout\" ><div id=\"pg-59200-0\"  class=\"panel-grid panel-has-style\" ><div style=\"padding: 25px 0; \" data-overlay=\"true\" data-overlay-color=\"#000000\" class=\"panel-row-style panel-row-style-for-59200-0\" ><div id=\"pgc-59200-0-0\"  class=\"panel-grid-cell\" ><div id=\"panel-59200-0-0-0\" class=\"so-panel widget widget_sow-editor panel-first-child panel-last-child\" data-index=\"0\" ><div style=\"text-align: left;\" data-title-color=\"#443f3f\" data-headings-color=\"#443f3f\" class=\"panel-widget-style panel-widget-style-for-59200-0-0-0\" ><div\n\t\t\t\n\t\t\tclass=\"so-widget-sow-editor so-widget-sow-editor-base\"\n\t\t\t\n\t\t>\n<div class=\"siteorigin-widget-tinymce textwidget\">\n\t<h3 style=\"text-align: left;\">SimplyNano 2 <span style=\"font-weight: 400;\">- Projet <\/span>dans le canton de Schwyz<\/h3>\n<\/div>\n<\/div><\/div><\/div><\/div><\/div><\/div><div id=\"pg-59200-1\"  class=\"panel-grid panel-has-style\" ><div style=\"border-bottom: 1px solid #7dba00;padding: 25px 0; \" data-overlay=\"true\" data-overlay-color=\"#000000\" class=\"panel-row-style panel-row-style-for-59200-1\" ><div id=\"pgc-59200-1-0\"  class=\"panel-grid-cell\" ><div id=\"panel-59200-1-0-0\" class=\"so-panel widget widget_sow-editor panel-first-child panel-last-child\" data-index=\"1\" ><div style=\"text-align: left;\" data-title-color=\"#443f3f\" data-headings-color=\"#443f3f\" class=\"panel-widget-style panel-widget-style-for-59200-1-0-0\" ><div\n\t\t\t\n\t\t\tclass=\"so-widget-sow-editor so-widget-sow-editor-base\"\n\t\t\t\n\t\t>\n<div class=\"siteorigin-widget-tinymce textwidget\">\n\t<p>Au total, 200 mallettes d'exp\u00e9rimentation et ateliers d'apprentissage \"SimplyNano 2\" ont \u00e9t\u00e9 mis gratuitement \u00e0 la disposition des \u00e9coles secondaires et des gymnases du canton de Schwyz. En parall\u00e8le, des cours de formation continue d'une demi-journ\u00e9e ont \u00e9t\u00e9 organis\u00e9s pour les enseignants au printemps 2023. Les cours ont \u00e9t\u00e9 organis\u00e9s en collaboration avec des entreprises schwytzoises. Le projet apporte ainsi un contenu passionnant et cr\u00e9e un \"pont\" entre les \u00e9coles et les entreprises. Pour les \u00e9coles, les mallettes et les cours de formation continue sont gratuits. Le projet est financ\u00e9 par la fondation Asuera et la fondation Dimitris N. Chorafas, ainsi que par d'autres partenaires. Les supports p\u00e9dagogiques \"SimplyNano 2\" sont d\u00e9j\u00e0 utilis\u00e9s dans dix cantons, dans tous les niveaux du secondaire. Le canton de Schwyz est le premier canton de Suisse centrale o\u00f9 le nouveau moyen d'apprentissage est mis \u00e0 la disposition de tous les lyc\u00e9es sur l'ensemble du territoire.<\/p>\n<ul style=\"color: #7dba00;\">\n<li><a href=\"http:\/\/simplynano.ch\/wp-content\/uploads\/2023\/09\/SZ_Schlussbericht.pdf\" target=\"_blank\" rel=\"noopener\">Rapport final sur le projet <span style=\"font-weight: 400;\">\"SimplyNano\" <\/span>dans le canton de Schwyz<\/a><\/li>\n<li><a href=\"http:\/\/simplynano.ch\/wp-content\/uploads\/2023\/09\/SZ_Medienspiegel.pdf\" target=\"_blank\" rel=\"noopener\">Revue de presse sur le projet <span style=\"font-weight: 400;\">\"SimplyNano\" <\/span>dans le canton de Schwyz<\/a><\/li>\n<li><a href=\"#Anchor1\">Partenaires du projet \"SimplyNano\" dans le canton de Schwyz<\/a><\/li>\n<\/ul>\n<\/div>\n<\/div><\/div><\/div><\/div><div id=\"pgc-59200-1-1\"  class=\"panel-grid-cell\" ><div id=\"panel-59200-1-1-0\" class=\"so-panel widget widget_media_image panel-first-child panel-last-child\" data-index=\"2\" ><div style=\"text-align: left;\" data-title-color=\"#443f3f\" data-headings-color=\"#443f3f\" class=\"panel-widget-style panel-widget-style-for-59200-1-1-0\" ><img loading=\"lazy\" decoding=\"async\" width=\"247\" height=\"300\" src=\"https:\/\/simplynano.ch\/wp-content\/uploads\/2022\/11\/Wappen_des_Kantons_Schwyz-247x300.jpg\" class=\"image wp-image-56157  attachment-medium size-medium\" alt=\"\" style=\"max-width: 100%; height: auto;\" srcset=\"https:\/\/simplynano.ch\/wp-content\/uploads\/2022\/11\/Wappen_des_Kantons_Schwyz-247x300.jpg 247w, https:\/\/simplynano.ch\/wp-content\/uploads\/2022\/11\/Wappen_des_Kantons_Schwyz-845x1024.jpg 845w, https:\/\/simplynano.ch\/wp-content\/uploads\/2022\/11\/Wappen_des_Kantons_Schwyz-768x931.jpg 768w, https:\/\/simplynano.ch\/wp-content\/uploads\/2022\/11\/Wappen_des_Kantons_Schwyz-1267x1536.jpg 1267w, https:\/\/simplynano.ch\/wp-content\/uploads\/2022\/11\/Wappen_des_Kantons_Schwyz-1000x1213.jpg 1000w, https:\/\/simplynano.ch\/wp-content\/uploads\/2022\/11\/Wappen_des_Kantons_Schwyz-230x279.jpg 230w, https:\/\/simplynano.ch\/wp-content\/uploads\/2022\/11\/Wappen_des_Kantons_Schwyz-350x424.jpg 350w, https:\/\/simplynano.ch\/wp-content\/uploads\/2022\/11\/Wappen_des_Kantons_Schwyz-480x582.jpg 480w, https:\/\/simplynano.ch\/wp-content\/uploads\/2022\/11\/Wappen_des_Kantons_Schwyz-800x970.jpg 800w, https:\/\/simplynano.ch\/wp-content\/uploads\/2022\/11\/Wappen_des_Kantons_Schwyz.jpg 1280w\" sizes=\"auto, (max-width: 247px) 100vw, 247px\" \/><\/div><\/div><\/div><\/div><\/div><div id=\"pg-59200-2\"  class=\"panel-grid panel-has-style\" ><div style=\"padding: 25px 0; \" data-overlay=\"true\" data-overlay-color=\"#000000\" class=\"panel-row-style panel-row-style-for-59200-2\" ><div id=\"pgc-59200-2-0\"  class=\"panel-grid-cell\" ><div id=\"panel-59200-2-0-0\" class=\"so-panel widget widget_sow-editor panel-first-child panel-last-child\" data-index=\"3\" ><div style=\"text-align: left;\" data-title-color=\"#443f3f\" data-headings-color=\"#443f3f\" class=\"panel-widget-style panel-widget-style-for-59200-2-0-0\" ><div\n\t\t\t\n\t\t\tclass=\"so-widget-sow-editor so-widget-sow-editor-base\"\n\t\t\t\n\t\t>\n<div class=\"siteorigin-widget-tinymce textwidget\">\n\t<h4 id=\"Anchor1\">Partenaires du projet<\/h4>\n<\/div>\n<\/div><\/div><\/div><\/div><\/div><\/div><div id=\"pg-59200-3\"  class=\"panel-grid panel-has-style\" ><div style=\"border-bottom: 1px solid #7dba00;padding: 10px 0; \" data-overlay=\"true\" data-overlay-color=\"#000000\" class=\"panel-row-style panel-row-style-for-59200-3\" ><div id=\"pgc-59200-3-0\"  class=\"panel-grid-cell\" ><div id=\"panel-59200-3-0-0\" class=\"so-panel widget widget_media_image panel-first-child panel-last-child\" data-index=\"4\" ><div style=\"text-align: left;\" data-title-color=\"#443f3f\" data-headings-color=\"#443f3f\" class=\"panel-widget-style panel-widget-style-for-59200-3-0-0\" ><img loading=\"lazy\" decoding=\"async\" width=\"346\" height=\"105\" src=\"https:\/\/simplynano.ch\/wp-content\/uploads\/2021\/03\/Logo-Asuera_RGB-350x106.jpg\" class=\"image wp-image-55137  attachment-346x105 size-346x105\" alt=\"\" style=\"max-width: 100%; height: auto;\" srcset=\"https:\/\/simplynano.ch\/wp-content\/uploads\/2021\/03\/Logo-Asuera_RGB-350x106.jpg 350w, https:\/\/simplynano.ch\/wp-content\/uploads\/2021\/03\/Logo-Asuera_RGB-800x243.jpg 800w, https:\/\/simplynano.ch\/wp-content\/uploads\/2021\/03\/Logo-Asuera_RGB-300x91.jpg 300w, https:\/\/simplynano.ch\/wp-content\/uploads\/2021\/03\/Logo-Asuera_RGB-1024x310.jpg 1024w, https:\/\/simplynano.ch\/wp-content\/uploads\/2021\/03\/Logo-Asuera_RGB-768x233.jpg 768w, https:\/\/simplynano.ch\/wp-content\/uploads\/2021\/03\/Logo-Asuera_RGB-830x252.jpg 830w, https:\/\/simplynano.ch\/wp-content\/uploads\/2021\/03\/Logo-Asuera_RGB-230x70.jpg 230w, https:\/\/simplynano.ch\/wp-content\/uploads\/2021\/03\/Logo-Asuera_RGB-480x146.jpg 480w, https:\/\/simplynano.ch\/wp-content\/uploads\/2021\/03\/Logo-Asuera_RGB.jpg 1181w\" sizes=\"auto, (max-width: 346px) 100vw, 346px\" \/><\/div><\/div><\/div><div id=\"pgc-59200-3-1\"  class=\"panel-grid-cell\" ><div id=\"panel-59200-3-1-0\" class=\"so-panel widget widget_media_image panel-first-child panel-last-child\" data-index=\"5\" ><div style=\"text-align: left;\" data-title-color=\"#443f3f\" data-headings-color=\"#443f3f\" class=\"panel-widget-style panel-widget-style-for-59200-3-1-0\" ><img loading=\"lazy\" decoding=\"async\" width=\"343\" height=\"230\" src=\"https:\/\/simplynano.ch\/wp-content\/uploads\/2022\/02\/Chorafas-Stiftung-Logo-350x235.png\" class=\"image wp-image-55566  attachment-343x230 size-343x230\" alt=\"\" style=\"max-width: 100%; height: auto;\" srcset=\"https:\/\/simplynano.ch\/wp-content\/uploads\/2022\/02\/Chorafas-Stiftung-Logo-350x235.png 350w, https:\/\/simplynano.ch\/wp-content\/uploads\/2022\/02\/Chorafas-Stiftung-Logo-300x201.png 300w, https:\/\/simplynano.ch\/wp-content\/uploads\/2022\/02\/Chorafas-Stiftung-Logo-230x154.png 230w, https:\/\/simplynano.ch\/wp-content\/uploads\/2022\/02\/Chorafas-Stiftung-Logo-480x322.png 480w, https:\/\/simplynano.ch\/wp-content\/uploads\/2022\/02\/Chorafas-Stiftung-Logo-600x403.png 600w, https:\/\/simplynano.ch\/wp-content\/uploads\/2022\/02\/Chorafas-Stiftung-Logo-272x182.png 272w, https:\/\/simplynano.ch\/wp-content\/uploads\/2022\/02\/Chorafas-Stiftung-Logo.png 636w\" sizes=\"auto, (max-width: 343px) 100vw, 343px\" \/><\/div><\/div><\/div><\/div><\/div><div id=\"pg-59200-4\"  class=\"panel-grid panel-has-style\" ><div class=\"so-rounded panel-row-style panel-row-style-for-59200-4\" style=\"border-bottom: 1px solid #7dba00;padding: 10px 0; \" data-overlay=\"true\" data-overlay-color=\"#000000\" ><div id=\"pgc-59200-4-0\"  class=\"panel-grid-cell\" ><div id=\"panel-59200-4-0-0\" class=\"so-panel widget widget_media_image panel-first-child panel-last-child\" data-index=\"6\" ><div style=\"text-align: left;\" data-title-color=\"#443f3f\" data-headings-color=\"#443f3f\" class=\"panel-widget-style panel-widget-style-for-59200-4-0-0\" ><img loading=\"lazy\" decoding=\"async\" width=\"339\" height=\"140\" src=\"https:\/\/simplynano.ch\/wp-content\/uploads\/2022\/11\/GV_Logo_RGB2-350x145.jpg\" class=\"image wp-image-56215  attachment-339x140 size-339x140\" alt=\"\" style=\"max-width: 100%; height: auto;\" srcset=\"https:\/\/simplynano.ch\/wp-content\/uploads\/2022\/11\/GV_Logo_RGB2-350x145.jpg 350w, https:\/\/simplynano.ch\/wp-content\/uploads\/2022\/11\/GV_Logo_RGB2-300x124.jpg 300w, https:\/\/simplynano.ch\/wp-content\/uploads\/2022\/11\/GV_Logo_RGB2-1024x423.jpg 1024w, https:\/\/simplynano.ch\/wp-content\/uploads\/2022\/11\/GV_Logo_RGB2-768x317.jpg 768w, https:\/\/simplynano.ch\/wp-content\/uploads\/2022\/11\/GV_Logo_RGB2-1000x413.jpg 1000w, https:\/\/simplynano.ch\/wp-content\/uploads\/2022\/11\/GV_Logo_RGB2-230x95.jpg 230w, https:\/\/simplynano.ch\/wp-content\/uploads\/2022\/11\/GV_Logo_RGB2-480x198.jpg 480w, https:\/\/simplynano.ch\/wp-content\/uploads\/2022\/11\/GV_Logo_RGB2-800x331.jpg 800w, https:\/\/simplynano.ch\/wp-content\/uploads\/2022\/11\/GV_Logo_RGB2.jpg 1285w\" sizes=\"auto, (max-width: 339px) 100vw, 339px\" \/><\/div><\/div><\/div><div id=\"pgc-59200-4-1\"  class=\"panel-grid-cell\" ><div id=\"panel-59200-4-1-0\" class=\"so-panel widget widget_media_image panel-first-child panel-last-child\" data-index=\"7\" ><div style=\"text-align: left;\" data-title-color=\"#443f3f\" data-headings-color=\"#443f3f\" class=\"panel-widget-style panel-widget-style-for-59200-4-1-0\" ><img loading=\"lazy\" decoding=\"async\" width=\"300\" height=\"140\" src=\"https:\/\/simplynano.ch\/wp-content\/uploads\/2022\/11\/KO-Logo-VERWO-Rechteck-300x140.jpg\" class=\"image wp-image-56213  attachment-medium size-medium\" alt=\"\" style=\"max-width: 100%; height: auto;\" srcset=\"https:\/\/simplynano.ch\/wp-content\/uploads\/2022\/11\/KO-Logo-VERWO-Rechteck-300x140.jpg 300w, https:\/\/simplynano.ch\/wp-content\/uploads\/2022\/11\/KO-Logo-VERWO-Rechteck-768x358.jpg 768w, https:\/\/simplynano.ch\/wp-content\/uploads\/2022\/11\/KO-Logo-VERWO-Rechteck-230x107.jpg 230w, https:\/\/simplynano.ch\/wp-content\/uploads\/2022\/11\/KO-Logo-VERWO-Rechteck-350x163.jpg 350w, https:\/\/simplynano.ch\/wp-content\/uploads\/2022\/11\/KO-Logo-VERWO-Rechteck-480x224.jpg 480w, https:\/\/simplynano.ch\/wp-content\/uploads\/2022\/11\/KO-Logo-VERWO-Rechteck-800x373.jpg 800w, https:\/\/simplynano.ch\/wp-content\/uploads\/2022\/11\/KO-Logo-VERWO-Rechteck.jpg 885w\" sizes=\"auto, (max-width: 300px) 100vw, 300px\" \/><\/div><\/div><\/div><div id=\"pgc-59200-4-2\"  class=\"panel-grid-cell\" ><div id=\"panel-59200-4-2-0\" class=\"so-panel widget widget_media_image panel-first-child panel-last-child\" data-index=\"8\" ><div style=\"text-align: left;\" data-title-color=\"#443f3f\" data-headings-color=\"#443f3f\" class=\"panel-widget-style panel-widget-style-for-59200-4-2-0\" ><img loading=\"lazy\" decoding=\"async\" width=\"1280\" height=\"551\" src=\"https:\/\/simplynano.ch\/wp-content\/uploads\/2022\/11\/1280px-Victorinox_Logo.svg_.png\" class=\"image wp-image-56251  attachment-full size-full\" alt=\"\" style=\"max-width: 100%; height: auto;\" srcset=\"https:\/\/simplynano.ch\/wp-content\/uploads\/2022\/11\/1280px-Victorinox_Logo.svg_.png 1280w, https:\/\/simplynano.ch\/wp-content\/uploads\/2022\/11\/1280px-Victorinox_Logo.svg_-300x129.png 300w, https:\/\/simplynano.ch\/wp-content\/uploads\/2022\/11\/1280px-Victorinox_Logo.svg_-1024x441.png 1024w, https:\/\/simplynano.ch\/wp-content\/uploads\/2022\/11\/1280px-Victorinox_Logo.svg_-768x331.png 768w, https:\/\/simplynano.ch\/wp-content\/uploads\/2022\/11\/1280px-Victorinox_Logo.svg_-1000x430.png 1000w, https:\/\/simplynano.ch\/wp-content\/uploads\/2022\/11\/1280px-Victorinox_Logo.svg_-230x99.png 230w, https:\/\/simplynano.ch\/wp-content\/uploads\/2022\/11\/1280px-Victorinox_Logo.svg_-350x151.png 350w, https:\/\/simplynano.ch\/wp-content\/uploads\/2022\/11\/1280px-Victorinox_Logo.svg_-480x207.png 480w, https:\/\/simplynano.ch\/wp-content\/uploads\/2022\/11\/1280px-Victorinox_Logo.svg_-800x344.png 800w\" sizes=\"auto, (max-width: 1280px) 100vw, 1280px\" \/><\/div><\/div><\/div><\/div><\/div><\/div>","protected":false},"excerpt":{"rendered":"<p> [&hellip;]<\/p>\n","protected":false},"author":1,"featured_media":0,"parent":59127,"menu_order":0,"comment_status":"closed","ping_status":"closed","template":"page-templates\/page_front-page.php","meta":{"jetpack_post_was_ever_published":false,"footnotes":""},"class_list":["post-59200","page","type-page","status-publish","hentry"],"jetpack_sharing_enabled":true,"jetpack_shortlink":"https:\/\/wp.me\/PaRfTd-foQ","_links":{"self":[{"href":"https:\/\/simplynano.ch\/fr\/wp-json\/wp\/v2\/pages\/59200","targetHints":{"allow":["GET"]}}],"collection":[{"href":"https:\/\/simplynano.ch\/fr\/wp-json\/wp\/v2\/pages"}],"about":[{"href":"https:\/\/simplynano.ch\/fr\/wp-json\/wp\/v2\/types\/page"}],"author":[{"embeddable":true,"href":"https:\/\/simplynano.ch\/fr\/wp-json\/wp\/v2\/users\/1"}],"replies":[{"embeddable":true,"href":"https:\/\/simplynano.ch\/fr\/wp-json\/wp\/v2\/comments?post=59200"}],"version-history":[{"count":1,"href":"https:\/\/simplynano.ch\/fr\/wp-json\/wp\/v2\/pages\/59200\/revisions"}],"predecessor-version":[{"id":60946,"href":"https:\/\/simplynano.ch\/fr\/wp-json\/wp\/v2\/pages\/59200\/revisions\/60946"}],"up":[{"embeddable":true,"href":"https:\/\/simplynano.ch\/fr\/wp-json\/wp\/v2\/pages\/59127"}],"wp:attachment":[{"href":"https:\/\/simplynano.ch\/fr\/wp-json\/wp\/v2\/media?parent=59200"}],"curies":[{"name":"wp","href":"https:\/\/api.w.org\/{rel}","templated":true}]}}