{"id":59178,"date":"2019-04-03T11:51:54","date_gmt":"2019-04-03T09:51:54","guid":{"rendered":"https:\/\/simplynano.ch\/conditions-generales-de-vente\/"},"modified":"2025-02-17T12:24:54","modified_gmt":"2025-02-17T11:24:54","slug":"conditions-generales-de-vente","status":"publish","type":"page","link":"https:\/\/simplynano.ch\/fr\/conditions-generales-de-vente\/","title":{"rendered":"CONDITIONS G\u00c9N\u00c9RALES DE VENTE"},"content":{"rendered":"<div id=\"pl-59178\"  class=\"panel-layout\" ><div id=\"pg-59178-0\"  class=\"panel-grid panel-has-style\" ><div style=\"padding: 100px 0; \" data-overlay=\"true\" data-overlay-color=\"#000000\" class=\"panel-row-style panel-row-style-for-59178-0\" ><div id=\"pgc-59178-0-0\"  class=\"panel-grid-cell\" ><div id=\"panel-59178-0-0-0\" class=\"so-panel widget widget_black-studio-tinymce widget_black_studio_tinymce panel-first-child panel-last-child\" data-index=\"0\" ><div style=\"text-align: left;\" data-title-color=\"#443f3f\" data-headings-color=\"#443f3f\" class=\"panel-widget-style panel-widget-style-for-59178-0-0-0\" ><div class=\"textwidget\"><h5>Conditions g\u00e9n\u00e9rales de vente<\/h5>\n<h6>Innovationsgesellschaft, St. Gallen produit et distribue des publications officielles<br \/>\n, ainsi que du mat\u00e9riel p\u00e9dagogique pour les \u00e9coles et les universit\u00e9s.<\/h6>\n<p><span style=\"font-weight: 900;\">Adresse :<\/span><br \/>\nDie Innovationsgesellschaft, Lerchenfeldstr. 3, CH-9014 St.Gallen<br \/>\nN\u00b0 de TVA : CHE-112.274.533 TVA <\/p>\n<p><span style=\"font-weight: 900;\">Protection des donn\u00e9es :<\/span><br \/>\nVos donn\u00e9es personnelles ne seront utilis\u00e9es que pour traiter vos demandes.<\/p>\n<p><span style=\"font-weight: 900;\">Frais de livraison :<\/span><\/p>\n<p>Suisse :<br \/>\ncolis = CHF 15.00<\/p>\n<p>Europe :<br \/>\ncolis = CHF 48.00<\/p>\n<p>Ces frais de port sont valables pour 2019.<\/p>\n<p><span style=\"font-weight: 900;\">Conditions d'exp\u00e9dition :<\/span><br \/>\nIl est de la responsabilit\u00e9 du destinataire d'indiquer l'adresse de livraison correcte. Le destinataire est \u00e9galement responsable de s'assurer que la livraison peut \u00eatre correctement effectu\u00e9e \u00e0 l'adresse de livraison en acceptant l'envoi. La Soci\u00e9t\u00e9 d'innovation ne peut pas garantir une plage horaire sp\u00e9cifique pour la livraison - cela d\u00e9pend de l'adresse de livraison et de la soci\u00e9t\u00e9 de livraison avec laquelle l'envoi est exp\u00e9di\u00e9. Veuillez noter que les envois \u00e0 l'\u00e9tranger n\u00e9cessitent un d\u00e9lai de livraison plus long. Les d\u00e9lais de livraison pr\u00e9vus d\u00e9pendent du pays de destination et de la soci\u00e9t\u00e9 de livraison avec laquelle l'envoi est exp\u00e9di\u00e9. Il est possible que des droits de douane et \/ ou d'autres taxes soient pr\u00e9lev\u00e9s dans le pays de destination si l'envoi est import\u00e9 de Suisse. Ces frais de douane et \/ ou taxes sont pay\u00e9s par le destinataire.      <\/p>\n<p><span style=\"font-weight: 900;\">D\u00e9lais de livraison estim\u00e9s :<\/span><br \/>\nEn Suisse, il faut normalement compter 2 \u00e0 5 jours ouvrables pour la livraison.<br \/>\nEn Europe, il faut normalement compter 6 \u00e0 12 jours ouvrables.<br \/>\nPour tous les autres pays, nous vous invitons \u00e0 consulter les d\u00e9lais de livraison de la Poste suisse. Vous les trouverez en ligne sur <a href=\"www.post.ch\" target=\"_blank\" rel=\"noopener\">www.post.ch<\/a> <\/p>\n<p><span style=\"font-weight: 900;\">Conditions d'annulation des cours de formation continue :<\/span><br \/>\nSi l'annulation a lieu jusqu'\u00e0 quatre semaines avant la date du cours, le montant total est rembours\u00e9. Si l'annulation a lieu jusqu'\u00e0 trois semaines avant la date du cours, la moiti\u00e9 du montant sera rembours\u00e9e.  Les inscriptions re\u00e7ues moins de trois semaines avant la date du cours ne seront pas rembours\u00e9es.<\/p>\n<p>Pour plus d'informations, contactez-nous <a href=\"https:\/\/simplynano.ch\/fr\/contact\/\" target=\"_self\" rel=\"noopener\">ici<\/a>.<br \/>\nMerci beaucoup !<\/p>\n<\/div><\/div><\/div><\/div><\/div><\/div><\/div>","protected":false},"excerpt":{"rendered":"<p> [&hellip;]<\/p>\n","protected":false},"author":1,"featured_media":0,"parent":0,"menu_order":0,"comment_status":"closed","ping_status":"closed","template":"page-templates\/page_front-page.php","meta":{"jetpack_post_was_ever_published":false,"footnotes":""},"class_list":["post-59178","page","type-page","status-publish","hentry"],"jetpack_sharing_enabled":true,"jetpack_shortlink":"https:\/\/wp.me\/PaRfTd-fou","_links":{"self":[{"href":"https:\/\/simplynano.ch\/fr\/wp-json\/wp\/v2\/pages\/59178","targetHints":{"allow":["GET"]}}],"collection":[{"href":"https:\/\/simplynano.ch\/fr\/wp-json\/wp\/v2\/pages"}],"about":[{"href":"https:\/\/simplynano.ch\/fr\/wp-json\/wp\/v2\/types\/page"}],"author":[{"embeddable":true,"href":"https:\/\/simplynano.ch\/fr\/wp-json\/wp\/v2\/users\/1"}],"replies":[{"embeddable":true,"href":"https:\/\/simplynano.ch\/fr\/wp-json\/wp\/v2\/comments?post=59178"}],"version-history":[{"count":2,"href":"https:\/\/simplynano.ch\/fr\/wp-json\/wp\/v2\/pages\/59178\/revisions"}],"predecessor-version":[{"id":64321,"href":"https:\/\/simplynano.ch\/fr\/wp-json\/wp\/v2\/pages\/59178\/revisions\/64321"}],"wp:attachment":[{"href":"https:\/\/simplynano.ch\/fr\/wp-json\/wp\/v2\/media?parent=59178"}],"curies":[{"name":"wp","href":"https:\/\/api.w.org\/{rel}","templated":true}]}}