{"id":59126,"date":"2019-01-23T08:45:45","date_gmt":"2019-01-23T07:45:45","guid":{"rendered":"https:\/\/simplynano.ch\/les-cours-de-formation-continue-simplynano\/"},"modified":"2025-12-15T09:34:11","modified_gmt":"2025-12-15T08:34:11","slug":"les-cours-de-formation-continue-simplynano","status":"publish","type":"page","link":"https:\/\/simplynano.ch\/fr\/les-cours-de-formation-continue-simplynano\/","title":{"rendered":"Les cours de formation continue SimplyNano"},"content":{"rendered":"<div id=\"pl-gb59126-69e30d3aa6f6f\"  class=\"panel-layout wp-block-siteorigin-panels-layout-block panel-layout\" ><div id=\"pg-gb59126-69e30d3aa6f6f-0\"  class=\"panel-grid panel-has-style\" ><div class=\"siteorigin-panels-stretch mob-pad-45 panel-row-style panel-row-style-for-gb59126-69e30d3aa6f6f-0\" style=\"color: #ffffff;text-align: center;background-image: url(https:\/\/simplynano.ch\/wp-content\/uploads\/2019\/05\/MG_2190_b_sehrhell-scaled.jpg);padding: 200px 0; \" data-stretch-type=\"full-width-stretch\" data-hascolor=\"hascolor\" data-hasbg=\"hasbg\" data-overlay-color=\"#000000\" ><div id=\"pgc-gb59126-69e30d3aa6f6f-0-0\"  class=\"panel-grid-cell\" ><div id=\"panel-gb59126-69e30d3aa6f6f-0-0-0\" class=\"so-panel widget widget_black-studio-tinymce widget_black_studio_tinymce panel-first-child panel-last-child\" data-index=\"0\" ><div style=\"text-align: center;\" data-title-color=\"#443f3f\" data-headings-color=\"#ffffff\" class=\"panel-widget-style panel-widget-style-for-gb59126-69e30d3aa6f6f-0-0-0\" ><div class=\"textwidget\"><h1>Les <span style=\"font-weight: 400;\">cours de formation continue <\/span>SimplyNano<\/h1>\n<\/div><\/div><\/div><\/div><\/div><\/div><\/div><div id=\"pl-gb59126-69e30d3aa7e61\"  class=\"panel-layout wp-block-siteorigin-panels-layout-block panel-layout\" ><div id=\"pg-gb59126-69e30d3aa7e61-0\"  class=\"panel-grid panel-has-style\" ><div style=\"padding: 0px 0; \" data-overlay=\"true\" data-overlay-color=\"#000000\" class=\"panel-row-style panel-row-style-for-gb59126-69e30d3aa7e61-0\" ><div id=\"pgc-gb59126-69e30d3aa7e61-0-0\"  class=\"panel-grid-cell\" ><div id=\"panel-gb59126-69e30d3aa7e61-0-0-0\" class=\"so-panel widget widget_black-studio-tinymce widget_black_studio_tinymce panel-first-child\" data-index=\"0\" ><div style=\"text-align: left;\" data-title-color=\"#443f3f\" data-headings-color=\"#443f3f\" class=\"panel-widget-style panel-widget-style-for-gb59126-69e30d3aa7e61-0-0-0\" ><div class=\"textwidget\"><h4 id=\"Anchor1\" style=\"text-align: center;\">Cours<\/h4><\/div><\/div><\/div><div id=\"panel-gb59126-69e30d3aa7e61-0-0-1\" class=\"so-panel widget widget_media_image\" data-index=\"1\" ><div style=\"text-align: left;\" data-title-color=\"#443f3f\" data-headings-color=\"#443f3f\" class=\"panel-widget-style panel-widget-style-for-gb59126-69e30d3aa7e61-0-0-1\" ><img loading=\"lazy\" decoding=\"async\" width=\"300\" height=\"214\" src=\"https:\/\/simplynano.ch\/wp-content\/uploads\/2023\/09\/Kurse-300x214.jpg\" class=\"image wp-image-57530  attachment-medium size-medium\" alt=\"\" style=\"max-width: 100%; height: auto;\" srcset=\"https:\/\/simplynano.ch\/wp-content\/uploads\/2023\/09\/Kurse-300x214.jpg 300w, https:\/\/simplynano.ch\/wp-content\/uploads\/2023\/09\/Kurse-768x549.jpg 768w, https:\/\/simplynano.ch\/wp-content\/uploads\/2023\/09\/Kurse-1536x1097.jpg 1536w, https:\/\/simplynano.ch\/wp-content\/uploads\/2023\/09\/Kurse-2048x1463.jpg 2048w, https:\/\/simplynano.ch\/wp-content\/uploads\/2023\/09\/Kurse-1000x715.jpg 1000w, https:\/\/simplynano.ch\/wp-content\/uploads\/2023\/09\/Kurse-230x164.jpg 230w, https:\/\/simplynano.ch\/wp-content\/uploads\/2023\/09\/Kurse-350x250.jpg 350w, https:\/\/simplynano.ch\/wp-content\/uploads\/2023\/09\/Kurse-480x343.jpg 480w, https:\/\/simplynano.ch\/wp-content\/uploads\/2023\/09\/Kurse-800x572.jpg 800w\" sizes=\"auto, (max-width: 300px) 100vw, 300px\" \/><\/div><\/div><div id=\"panel-gb59126-69e30d3aa7e61-0-0-2\" class=\"so-panel widget widget_sow-button panel-last-child\" data-index=\"2\" ><div style=\"text-align: left;\" data-title-color=\"#443f3f\" data-headings-color=\"#443f3f\" class=\"panel-widget-style panel-widget-style-for-gb59126-69e30d3aa7e61-0-0-2\" ><div\n\t\t\t\n\t\t\tclass=\"so-widget-sow-button so-widget-sow-button-wire-5947414b4d3b-59126\"\n\t\t\t\n\t\t><div class=\"ow-button-base ow-button-align-center\">\n\t\t\t<a\n\t\t\t\t\thref=\"#Anchor1\"\n\t\t\t\t\tclass=\"sowb-button ow-icon-placement-left ow-button-hover\" \t>\n\t\t<span>\n\t\t\t\n\t\t\tCours\t\t<\/span>\n\t\t\t<\/a>\n\t<\/div>\n<\/div><\/div><\/div><\/div><div id=\"pgc-gb59126-69e30d3aa7e61-0-1\"  class=\"panel-grid-cell\" ><div id=\"panel-gb59126-69e30d3aa7e61-0-1-0\" class=\"so-panel widget widget_black-studio-tinymce widget_black_studio_tinymce panel-first-child\" data-index=\"3\" ><div style=\"text-align: left;\" data-title-color=\"#443f3f\" data-headings-color=\"#443f3f\" class=\"panel-widget-style panel-widget-style-for-gb59126-69e30d3aa7e61-0-1-0\" ><div class=\"textwidget\"><h4 style=\"text-align: center;\">Financement<\/h4><\/div><\/div><\/div><div id=\"panel-gb59126-69e30d3aa7e61-0-1-1\" class=\"so-panel widget widget_media_image\" data-index=\"4\" ><div style=\"text-align: left;\" data-title-color=\"#443f3f\" data-headings-color=\"#443f3f\" class=\"panel-widget-style panel-widget-style-for-gb59126-69e30d3aa7e61-0-1-1\" ><img loading=\"lazy\" decoding=\"async\" width=\"300\" height=\"214\" src=\"https:\/\/simplynano.ch\/wp-content\/uploads\/2023\/09\/Finanzierung-300x214.jpg\" class=\"image wp-image-57532  attachment-medium size-medium\" alt=\"\" style=\"max-width: 100%; height: auto;\" srcset=\"https:\/\/simplynano.ch\/wp-content\/uploads\/2023\/09\/Finanzierung-300x214.jpg 300w, https:\/\/simplynano.ch\/wp-content\/uploads\/2023\/09\/Finanzierung-768x549.jpg 768w, https:\/\/simplynano.ch\/wp-content\/uploads\/2023\/09\/Finanzierung-1536x1097.jpg 1536w, https:\/\/simplynano.ch\/wp-content\/uploads\/2023\/09\/Finanzierung-2048x1463.jpg 2048w, https:\/\/simplynano.ch\/wp-content\/uploads\/2023\/09\/Finanzierung-1000x715.jpg 1000w, https:\/\/simplynano.ch\/wp-content\/uploads\/2023\/09\/Finanzierung-230x164.jpg 230w, https:\/\/simplynano.ch\/wp-content\/uploads\/2023\/09\/Finanzierung-350x250.jpg 350w, https:\/\/simplynano.ch\/wp-content\/uploads\/2023\/09\/Finanzierung-480x343.jpg 480w, https:\/\/simplynano.ch\/wp-content\/uploads\/2023\/09\/Finanzierung-800x572.jpg 800w\" sizes=\"auto, (max-width: 300px) 100vw, 300px\" \/><\/div><\/div><div id=\"panel-gb59126-69e30d3aa7e61-0-1-2\" class=\"so-panel widget widget_sow-button panel-last-child\" data-index=\"5\" ><div style=\"text-align: left;\" data-title-color=\"#443f3f\" data-headings-color=\"#443f3f\" class=\"panel-widget-style panel-widget-style-for-gb59126-69e30d3aa7e61-0-1-2\" ><div\n\t\t\t\n\t\t\tclass=\"so-widget-sow-button so-widget-sow-button-wire-5947414b4d3b-59126\"\n\t\t\t\n\t\t><div class=\"ow-button-base ow-button-align-center\">\n\t\t\t<a\n\t\t\t\t\thref=\"#Anchor2\"\n\t\t\t\t\tclass=\"sowb-button ow-icon-placement-left ow-button-hover\" \t>\n\t\t<span>\n\t\t\t\n\t\t\tFinancement\t\t<\/span>\n\t\t\t<\/a>\n\t<\/div>\n<\/div><\/div><\/div><\/div><div id=\"pgc-gb59126-69e30d3aa7e61-0-2\"  class=\"panel-grid-cell\" ><div id=\"panel-gb59126-69e30d3aa7e61-0-2-0\" class=\"so-panel widget widget_black-studio-tinymce widget_black_studio_tinymce panel-first-child\" data-index=\"6\" ><div style=\"text-align: left;\" data-title-color=\"#443f3f\" data-headings-color=\"#443f3f\" class=\"panel-widget-style panel-widget-style-for-gb59126-69e30d3aa7e61-0-2-0\" ><div class=\"textwidget\"><h4 style=\"text-align: center;\">R\u00e9actions<\/h4><\/div><\/div><\/div><div id=\"panel-gb59126-69e30d3aa7e61-0-2-1\" class=\"so-panel widget widget_media_image\" data-index=\"7\" ><div style=\"text-align: left;\" data-title-color=\"#443f3f\" data-headings-color=\"#443f3f\" class=\"panel-widget-style panel-widget-style-for-gb59126-69e30d3aa7e61-0-2-1\" ><img loading=\"lazy\" decoding=\"async\" width=\"300\" height=\"214\" src=\"https:\/\/simplynano.ch\/wp-content\/uploads\/2023\/09\/Feedbacks-300x214.jpg\" class=\"image wp-image-57531  attachment-medium size-medium\" alt=\"\" style=\"max-width: 100%; height: auto;\" srcset=\"https:\/\/simplynano.ch\/wp-content\/uploads\/2023\/09\/Feedbacks-300x214.jpg 300w, https:\/\/simplynano.ch\/wp-content\/uploads\/2023\/09\/Feedbacks-768x549.jpg 768w, https:\/\/simplynano.ch\/wp-content\/uploads\/2023\/09\/Feedbacks-1536x1097.jpg 1536w, https:\/\/simplynano.ch\/wp-content\/uploads\/2023\/09\/Feedbacks-2048x1463.jpg 2048w, https:\/\/simplynano.ch\/wp-content\/uploads\/2023\/09\/Feedbacks-1000x715.jpg 1000w, https:\/\/simplynano.ch\/wp-content\/uploads\/2023\/09\/Feedbacks-230x164.jpg 230w, https:\/\/simplynano.ch\/wp-content\/uploads\/2023\/09\/Feedbacks-350x250.jpg 350w, https:\/\/simplynano.ch\/wp-content\/uploads\/2023\/09\/Feedbacks-480x343.jpg 480w, https:\/\/simplynano.ch\/wp-content\/uploads\/2023\/09\/Feedbacks-800x572.jpg 800w\" sizes=\"auto, (max-width: 300px) 100vw, 300px\" \/><\/div><\/div><div id=\"panel-gb59126-69e30d3aa7e61-0-2-2\" class=\"so-panel widget widget_sow-button panel-last-child\" data-index=\"8\" ><div style=\"text-align: left;\" data-title-color=\"#443f3f\" data-headings-color=\"#443f3f\" class=\"panel-widget-style panel-widget-style-for-gb59126-69e30d3aa7e61-0-2-2\" ><div\n\t\t\t\n\t\t\tclass=\"so-widget-sow-button so-widget-sow-button-wire-5947414b4d3b-59126\"\n\t\t\t\n\t\t><div class=\"ow-button-base ow-button-align-center\">\n\t\t\t<a\n\t\t\t\t\thref=\"\"\n\t\t\t\t\tclass=\"sowb-button ow-icon-placement-left ow-button-hover\" \t>\n\t\t<span>\n\t\t\t\n\t\t\tR\u00e9actions\t\t<\/span>\n\t\t\t<\/a>\n\t<\/div>\n<\/div><\/div><\/div><\/div><\/div><\/div><div id=\"pg-gb59126-69e30d3aa7e61-1\"  class=\"panel-grid panel-has-style\" ><div style=\"padding: 25px 0; \" data-overlay=\"true\" data-overlay-color=\"#000000\" class=\"panel-row-style panel-row-style-for-gb59126-69e30d3aa7e61-1\" ><div id=\"pgc-gb59126-69e30d3aa7e61-1-0\"  class=\"panel-grid-cell\" ><div id=\"panel-gb59126-69e30d3aa7e61-1-0-0\" class=\"so-panel widget widget_black-studio-tinymce widget_black_studio_tinymce panel-first-child panel-last-child\" data-index=\"9\" ><div style=\"text-align: center;\" data-title-color=\"#443f3f\" data-headings-color=\"#443f3f\" class=\"panel-widget-style panel-widget-style-for-gb59126-69e30d3aa7e61-1-0-0\" ><div class=\"textwidget\"><h3 id=\"Anchor2\" style=\"text-align: left;\">Cours de formation continue actuels<\/h3>\n<p style=\"text-align: left;\">Afin de permettre une utilisation cibl\u00e9e des supports d&#8217;apprentissage <span style=\"font-weight: 400;\">&#8220;SimplyNano&#8221; <\/span>dans les classes, des cours sont organis\u00e9s p\u00e9riodiquement pour les enseignants. Lors de ces cours de formation continue d&#8217;une demi-journ\u00e9e, les participants r\u00e9alisent les exp\u00e9riences, d\u00e9couvrent l&#8217;atelier d&#8217;apprentissage et re\u00e7oivent des conseils didactiques, m\u00e9thodologiques et th\u00e9oriques sur l&#8217;utilisation de <span style=\"font-weight: 400;\">&#8220;SimplyNano&#8221;<\/span> en classe.   <\/p>\n<ul style=\"text-align: left;\">\n<li>Des cours de formation continue sur le support p\u00e9dagogique <span style=\"font-weight: 400;\">&#8220;SimplyNano 2&#8221;<\/span> sont d\u00e9sormais propos\u00e9s aux enseignants des cantons de Berne &amp; Fribourg.<\/li>\n<\/ul>\n<p style=\"text-align: left; padding-left: 40px;\"><a href=\"https:\/\/simplynano.ch\/veranstaltungen\/\">Inscription aux cours actuels<\/a><\/p><\/div><\/div><\/div><\/div><\/div><\/div><div id=\"pg-gb59126-69e30d3aa7e61-2\"  class=\"panel-grid panel-has-style\" ><div style=\"padding: 15px 0; \" data-overlay=\"true\" data-overlay-color=\"#000000\" class=\"panel-row-style panel-row-style-for-gb59126-69e30d3aa7e61-2\" ><div id=\"pgc-gb59126-69e30d3aa7e61-2-0\"  class=\"panel-grid-cell\" ><div id=\"panel-gb59126-69e30d3aa7e61-2-0-0\" class=\"so-panel widget widget_black-studio-tinymce widget_black_studio_tinymce panel-first-child panel-last-child\" data-index=\"10\" ><div style=\"text-align: center;\" data-title-color=\"#443f3f\" data-headings-color=\"#443f3f\" class=\"panel-widget-style panel-widget-style-for-gb59126-69e30d3aa7e61-2-0-0\" ><div class=\"textwidget\"><h3 id=\"Anchor3\" style=\"text-align: left;\"><strong>Qui finance SimplyNano <span style=\"font-weight: 400;\">&#8211; Support d&#8217;apprentissage <\/span>?<\/strong><\/h3>\n<p style=\"text-align: left;\">Le financement du support p\u00e9dagogique ainsi que la participation des enseignants au cours sont financ\u00e9s soit par les \u00e9coles, soit par le canton, soit par des partenaires du projet. Dans le cas d&#8217;un sponsoring, il est possible de financer des valises pour des cours sp\u00e9cifiques (par exemple au niveau r\u00e9gional) ou dans certaines communaut\u00e9s scolaires ou pour certaines \u00e9coles. Environ 20 valises (nombre minimum) sont n\u00e9cessaires pour un cours.<\/p>\n<p style=\"text-align: left;\">Nous remercions nos partenaires de projet pour leur soutien.<\/p>\n<p style=\"text-align: left;\"><a href=\"https:\/\/simplynano.ch\/partner\/#Anchor3\">Vous trouverez ici plus d&#8217;informations sur nos partenaires de projet<\/a><\/p><\/div><\/div><\/div><\/div><\/div><\/div><div id=\"pg-gb59126-69e30d3aa7e61-3\"  class=\"panel-grid panel-has-style\" ><div style=\"padding: 15px 0; \" data-overlay=\"true\" data-overlay-color=\"#000000\" class=\"panel-row-style panel-row-style-for-gb59126-69e30d3aa7e61-3\" ><div id=\"pgc-gb59126-69e30d3aa7e61-3-0\"  class=\"panel-grid-cell\" ><div id=\"panel-gb59126-69e30d3aa7e61-3-0-0\" class=\"so-panel widget widget_black-studio-tinymce widget_black_studio_tinymce panel-first-child panel-last-child\" data-index=\"11\" ><div style=\"text-align: center;\" data-title-color=\"#443f3f\" data-headings-color=\"#443f3f\" class=\"panel-widget-style panel-widget-style-for-gb59126-69e30d3aa7e61-3-0-0\" ><div class=\"textwidget\"><h4 style=\"text-align: left;\"><span style=\"color: #7dba00;\"><a style=\"color: #7dba00;\" href=\"https:\/\/simplynano.ch\/feedbacks\/\">Cliquez ici pour acc\u00e9der aux feedbacks des <strong data-start=\"37\" data-end=\"61\">cours de formation continue<\/strong><\/a><\/span><\/h4><\/div><\/div><\/div><\/div><\/div><\/div><\/div>\n<p><\/p>\n","protected":false},"excerpt":{"rendered":"<p> [&hellip;]<\/p>\n","protected":false},"author":1,"featured_media":0,"parent":0,"menu_order":0,"comment_status":"closed","ping_status":"closed","template":"page-templates\/page_front-page.php","meta":{"jetpack_post_was_ever_published":false,"footnotes":""},"class_list":["post-59126","page","type-page","status-publish","hentry"],"jetpack_sharing_enabled":true,"jetpack_shortlink":"https:\/\/wp.me\/PaRfTd-fnE","_links":{"self":[{"href":"https:\/\/simplynano.ch\/fr\/wp-json\/wp\/v2\/pages\/59126","targetHints":{"allow":["GET"]}}],"collection":[{"href":"https:\/\/simplynano.ch\/fr\/wp-json\/wp\/v2\/pages"}],"about":[{"href":"https:\/\/simplynano.ch\/fr\/wp-json\/wp\/v2\/types\/page"}],"author":[{"embeddable":true,"href":"https:\/\/simplynano.ch\/fr\/wp-json\/wp\/v2\/users\/1"}],"replies":[{"embeddable":true,"href":"https:\/\/simplynano.ch\/fr\/wp-json\/wp\/v2\/comments?post=59126"}],"version-history":[{"count":28,"href":"https:\/\/simplynano.ch\/fr\/wp-json\/wp\/v2\/pages\/59126\/revisions"}],"predecessor-version":[{"id":66012,"href":"https:\/\/simplynano.ch\/fr\/wp-json\/wp\/v2\/pages\/59126\/revisions\/66012"}],"wp:attachment":[{"href":"https:\/\/simplynano.ch\/fr\/wp-json\/wp\/v2\/media?parent=59126"}],"curies":[{"name":"wp","href":"https:\/\/api.w.org\/{rel}","templated":true}]}}