{"id":59125,"date":"2019-01-23T10:36:52","date_gmt":"2019-01-23T09:36:52","guid":{"rendered":"https:\/\/simplynano.ch\/mentions-legales\/"},"modified":"2019-01-23T10:36:52","modified_gmt":"2019-01-23T09:36:52","slug":"mentions-legales","status":"publish","type":"page","link":"https:\/\/simplynano.ch\/fr\/mentions-legales\/","title":{"rendered":"Mentions l\u00e9gales"},"content":{"rendered":"<p>Responsable du contenu de cette page :<\/p>\n<p><strong>La soci\u00e9t\u00e9 d&#8217;innovation mbH, St-Gall<br \/>\n<\/strong>Lerchenfeldstrasse 3<br \/>\nCH-9014 Saint-Gall<br \/>\nT\u00e9l. : +41 (0)71 278 02 06<br \/>\nsimplynano@innovationsgesellschaft.ch<\/p>\n<p><strong>Avis de responsabilit\u00e9<\/strong><\/p>\n<p>La Soci\u00e9t\u00e9 d&#8217;innovation, St-Gall n&#8217;assume aucune responsabilit\u00e9 pour le contenu des liens externes.<br \/>\nLes exploitants de ces sites sont seuls responsables de leur contenu.<\/p>\n","protected":false},"excerpt":{"rendered":"<p> [&hellip;]<\/p>\n","protected":false},"author":1,"featured_media":0,"parent":0,"menu_order":0,"comment_status":"closed","ping_status":"closed","template":"page-templates\/page_fullwidth.php","meta":{"jetpack_post_was_ever_published":false,"footnotes":""},"class_list":["post-59125","page","type-page","status-publish","hentry"],"jetpack_sharing_enabled":true,"jetpack_shortlink":"https:\/\/wp.me\/PaRfTd-fnD","_links":{"self":[{"href":"https:\/\/simplynano.ch\/fr\/wp-json\/wp\/v2\/pages\/59125","targetHints":{"allow":["GET"]}}],"collection":[{"href":"https:\/\/simplynano.ch\/fr\/wp-json\/wp\/v2\/pages"}],"about":[{"href":"https:\/\/simplynano.ch\/fr\/wp-json\/wp\/v2\/types\/page"}],"author":[{"embeddable":true,"href":"https:\/\/simplynano.ch\/fr\/wp-json\/wp\/v2\/users\/1"}],"replies":[{"embeddable":true,"href":"https:\/\/simplynano.ch\/fr\/wp-json\/wp\/v2\/comments?post=59125"}],"version-history":[{"count":0,"href":"https:\/\/simplynano.ch\/fr\/wp-json\/wp\/v2\/pages\/59125\/revisions"}],"wp:attachment":[{"href":"https:\/\/simplynano.ch\/fr\/wp-json\/wp\/v2\/media?parent=59125"}],"curies":[{"name":"wp","href":"https:\/\/api.w.org\/{rel}","templated":true}]}}